{"id":46807,"date":"2026-02-24T11:40:25","date_gmt":"2026-02-24T10:40:25","guid":{"rendered":"https:\/\/imprimeideas.es\/?post_type=product&p=46807"},"modified":"2026-02-26T18:28:04","modified_gmt":"2026-02-26T17:28:04","slug":"set-skippy","status":"publish","type":"product","link":"https:\/\/imprimeideas.es\/en\/product\/set-skippy\/","title":{"rendered":"Set Skippy"},"content":{"rendered":"<p>Divertido set de raqueta y bal\u00f3n con v\u00e1lvula de inflado en combinaci\u00f3n de blanco y transl\u00facido, unidos por un el\u00e1stico. Presentado cada set en bolsa reciclada.<\/p>","protected":false},"excerpt":{"rendered":"<p>Raqueta PP. Bal\u00f3n PVC<\/p>","protected":false},"featured_media":72698,"comment_status":"open","ping_status":"open","template":"","meta":{"inline_featured_image":false},"product_brand":[],"product_cat":[114],"product_tag":[],"class_list":{"0":"post-46807","1":"product","2":"type-product","3":"status-publish","4":"has-post-thumbnail","6":"product_cat-verano-y-playa","8":"first","9":"instock","10":"taxable","11":"shipping-taxable","12":"purchasable","13":"product-type-variable","14":"has-default-attributes"},"aioseo_notices":[],"_links":{"self":[{"href":"https:\/\/imprimeideas.es\/en\/wp-json\/wp\/v2\/product\/46807","targetHints":{"allow":["GET"]}}],"collection":[{"href":"https:\/\/imprimeideas.es\/en\/wp-json\/wp\/v2\/product"}],"about":[{"href":"https:\/\/imprimeideas.es\/en\/wp-json\/wp\/v2\/types\/product"}],"replies":[{"embeddable":true,"href":"https:\/\/imprimeideas.es\/en\/wp-json\/wp\/v2\/comments?post=46807"}],"version-history":[{"count":1,"href":"https:\/\/imprimeideas.es\/en\/wp-json\/wp\/v2\/product\/46807\/revisions"}],"predecessor-version":[{"id":55901,"href":"https:\/\/imprimeideas.es\/en\/wp-json\/wp\/v2\/product\/46807\/revisions\/55901"}],"wp:featuredmedia":[{"embeddable":true,"href":"https:\/\/imprimeideas.es\/en\/wp-json\/wp\/v2\/media\/72698"}],"wp:attachment":[{"href":"https:\/\/imprimeideas.es\/en\/wp-json\/wp\/v2\/media?parent=46807"}],"wp:term":[{"taxonomy":"product_brand","embeddable":true,"href":"https:\/\/imprimeideas.es\/en\/wp-json\/wp\/v2\/product_brand?post=46807"},{"taxonomy":"product_cat","embeddable":true,"href":"https:\/\/imprimeideas.es\/en\/wp-json\/wp\/v2\/product_cat?post=46807"},{"taxonomy":"product_tag","embeddable":true,"href":"https:\/\/imprimeideas.es\/en\/wp-json\/wp\/v2\/product_tag?post=46807"}],"curies":[{"name":"wp","href":"https:\/\/api.w.org\/{rel}","templated":true}]}}