{"id":46791,"date":"2026-02-24T11:40:23","date_gmt":"2026-02-24T10:40:23","guid":{"rendered":"https:\/\/imprimeideas.es\/?post_type=product&p=46791"},"modified":"2026-02-26T18:27:53","modified_gmt":"2026-02-26T17:27:53","slug":"braga-rehony","status":"publish","type":"product","link":"https:\/\/imprimeideas.es\/en\/product\/braga-rehony\/","title":{"rendered":"Braga Rehony"},"content":{"rendered":"<p>Braga fabricada en suave poli\u00e9ster el\u00e1stico con interior en micro polar fleece. Una prenda muy vers\u00e1til y c\u00f3moda de vestir, gracias a las diferentes configuraciones y funcionalidades que ofrece. Disponible en una extensa gama de colores.<\/p>","protected":false},"excerpt":{"rendered":"<p>Braga fabricada en suave poli\u00e9ster el\u00e1stico con interior en micro polar fleece. Una prenda muy vers\u00e1til y c\u00f3moda de vestir,<\/p>","protected":false},"featured_media":74009,"comment_status":"open","ping_status":"open","template":"","meta":{"inline_featured_image":false},"product_brand":[],"product_cat":[118],"product_tag":[],"class_list":{"0":"post-46791","1":"product","2":"type-product","3":"status-publish","4":"has-post-thumbnail","6":"product_cat-lluvia-y-frio","8":"first","9":"instock","10":"taxable","11":"shipping-taxable","12":"purchasable","13":"product-type-variable","14":"has-default-attributes"},"aioseo_notices":[],"_links":{"self":[{"href":"https:\/\/imprimeideas.es\/en\/wp-json\/wp\/v2\/product\/46791","targetHints":{"allow":["GET"]}}],"collection":[{"href":"https:\/\/imprimeideas.es\/en\/wp-json\/wp\/v2\/product"}],"about":[{"href":"https:\/\/imprimeideas.es\/en\/wp-json\/wp\/v2\/types\/product"}],"replies":[{"embeddable":true,"href":"https:\/\/imprimeideas.es\/en\/wp-json\/wp\/v2\/comments?post=46791"}],"version-history":[{"count":1,"href":"https:\/\/imprimeideas.es\/en\/wp-json\/wp\/v2\/product\/46791\/revisions"}],"predecessor-version":[{"id":55899,"href":"https:\/\/imprimeideas.es\/en\/wp-json\/wp\/v2\/product\/46791\/revisions\/55899"}],"wp:featuredmedia":[{"embeddable":true,"href":"https:\/\/imprimeideas.es\/en\/wp-json\/wp\/v2\/media\/74009"}],"wp:attachment":[{"href":"https:\/\/imprimeideas.es\/en\/wp-json\/wp\/v2\/media?parent=46791"}],"wp:term":[{"taxonomy":"product_brand","embeddable":true,"href":"https:\/\/imprimeideas.es\/en\/wp-json\/wp\/v2\/product_brand?post=46791"},{"taxonomy":"product_cat","embeddable":true,"href":"https:\/\/imprimeideas.es\/en\/wp-json\/wp\/v2\/product_cat?post=46791"},{"taxonomy":"product_tag","embeddable":true,"href":"https:\/\/imprimeideas.es\/en\/wp-json\/wp\/v2\/product_tag?post=46791"}],"curies":[{"name":"wp","href":"https:\/\/api.w.org\/{rel}","templated":true}]}}