{"id":46785,"date":"2026-02-24T11:40:23","date_gmt":"2026-02-24T10:40:23","guid":{"rendered":"https:\/\/imprimeideas.es\/?post_type=product&p=46785"},"modified":"2026-02-26T18:03:13","modified_gmt":"2026-02-26T17:03:13","slug":"gorro-simiut","status":"publish","type":"product","link":"https:\/\/imprimeideas.es\/en\/product\/gorro-simiut\/","title":{"rendered":"Gorro Simiut"},"content":{"rendered":"<p>Gorro de alta calidad con exterior fabricado en poli\u00e9ster de acabado canal\u00e9. Con interior a juego, en suave y c\u00e1lido material micro. C\u00f3modo ajuste y disponible en variada gama de colores.<\/p>","protected":false},"excerpt":{"rendered":"<p>Gorro de alta calidad con exterior fabricado en poli\u00e9ster de acabado canal\u00e9. Con interior a juego, en suave y c\u00e1lido<\/p>","protected":false},"featured_media":66506,"comment_status":"open","ping_status":"open","template":"","meta":{"inline_featured_image":false},"product_brand":[],"product_cat":[118],"product_tag":[],"class_list":{"0":"post-46785","1":"product","2":"type-product","3":"status-publish","4":"has-post-thumbnail","6":"product_cat-lluvia-y-frio","8":"first","9":"instock","10":"taxable","11":"shipping-taxable","12":"purchasable","13":"product-type-variable","14":"has-default-attributes"},"aioseo_notices":[],"_links":{"self":[{"href":"https:\/\/imprimeideas.es\/en\/wp-json\/wp\/v2\/product\/46785","targetHints":{"allow":["GET"]}}],"collection":[{"href":"https:\/\/imprimeideas.es\/en\/wp-json\/wp\/v2\/product"}],"about":[{"href":"https:\/\/imprimeideas.es\/en\/wp-json\/wp\/v2\/types\/product"}],"replies":[{"embeddable":true,"href":"https:\/\/imprimeideas.es\/en\/wp-json\/wp\/v2\/comments?post=46785"}],"version-history":[{"count":1,"href":"https:\/\/imprimeideas.es\/en\/wp-json\/wp\/v2\/product\/46785\/revisions"}],"predecessor-version":[{"id":55898,"href":"https:\/\/imprimeideas.es\/en\/wp-json\/wp\/v2\/product\/46785\/revisions\/55898"}],"wp:featuredmedia":[{"embeddable":true,"href":"https:\/\/imprimeideas.es\/en\/wp-json\/wp\/v2\/media\/66506"}],"wp:attachment":[{"href":"https:\/\/imprimeideas.es\/en\/wp-json\/wp\/v2\/media?parent=46785"}],"wp:term":[{"taxonomy":"product_brand","embeddable":true,"href":"https:\/\/imprimeideas.es\/en\/wp-json\/wp\/v2\/product_brand?post=46785"},{"taxonomy":"product_cat","embeddable":true,"href":"https:\/\/imprimeideas.es\/en\/wp-json\/wp\/v2\/product_cat?post=46785"},{"taxonomy":"product_tag","embeddable":true,"href":"https:\/\/imprimeideas.es\/en\/wp-json\/wp\/v2\/product_tag?post=46785"}],"curies":[{"name":"wp","href":"https:\/\/api.w.org\/{rel}","templated":true}]}}