{"id":46781,"date":"2026-02-24T11:40:22","date_gmt":"2026-02-24T10:40:22","guid":{"rendered":"https:\/\/imprimeideas.es\/?post_type=product&p=46781"},"modified":"2026-02-26T18:42:33","modified_gmt":"2026-02-26T17:42:33","slug":"gorro-hetoson","status":"publish","type":"product","link":"https:\/\/imprimeideas.es\/en\/product\/gorro-hetoson\/","title":{"rendered":"Gorro Hetoson"},"content":{"rendered":"<p>Gorro plegable tipo bob, fabricado en suave microfibra, con pr\u00e1ctico sistema de plegado sobre s\u00ed mismo. Incluye cintas exteriores para la cabeza y el cuello, con cierres ajustables para garantizar la m\u00e1xima comodidad al llevarte puesto. De tama\u00f1o compacto una vez plegado, con cierre de corchete y mosquet\u00f3n de pl\u00e1stico giratorio para engancharlo en cualquier parte. Disponible en variada gama de colores.<\/p>","protected":false},"excerpt":{"rendered":"<p>Plegable<\/p>","protected":false},"featured_media":70814,"comment_status":"open","ping_status":"open","template":"","meta":{"inline_featured_image":false},"product_brand":[],"product_cat":[112],"product_tag":[],"class_list":{"0":"post-46781","1":"product","2":"type-product","3":"status-publish","4":"has-post-thumbnail","6":"product_cat-gorras-y-sombreros","8":"first","9":"instock","10":"taxable","11":"shipping-taxable","12":"purchasable","13":"product-type-variable","14":"has-default-attributes"},"aioseo_notices":[],"_links":{"self":[{"href":"https:\/\/imprimeideas.es\/en\/wp-json\/wp\/v2\/product\/46781","targetHints":{"allow":["GET"]}}],"collection":[{"href":"https:\/\/imprimeideas.es\/en\/wp-json\/wp\/v2\/product"}],"about":[{"href":"https:\/\/imprimeideas.es\/en\/wp-json\/wp\/v2\/types\/product"}],"replies":[{"embeddable":true,"href":"https:\/\/imprimeideas.es\/en\/wp-json\/wp\/v2\/comments?post=46781"}],"version-history":[{"count":1,"href":"https:\/\/imprimeideas.es\/en\/wp-json\/wp\/v2\/product\/46781\/revisions"}],"predecessor-version":[{"id":55897,"href":"https:\/\/imprimeideas.es\/en\/wp-json\/wp\/v2\/product\/46781\/revisions\/55897"}],"wp:featuredmedia":[{"embeddable":true,"href":"https:\/\/imprimeideas.es\/en\/wp-json\/wp\/v2\/media\/70814"}],"wp:attachment":[{"href":"https:\/\/imprimeideas.es\/en\/wp-json\/wp\/v2\/media?parent=46781"}],"wp:term":[{"taxonomy":"product_brand","embeddable":true,"href":"https:\/\/imprimeideas.es\/en\/wp-json\/wp\/v2\/product_brand?post=46781"},{"taxonomy":"product_cat","embeddable":true,"href":"https:\/\/imprimeideas.es\/en\/wp-json\/wp\/v2\/product_cat?post=46781"},{"taxonomy":"product_tag","embeddable":true,"href":"https:\/\/imprimeideas.es\/en\/wp-json\/wp\/v2\/product_tag?post=46781"}],"curies":[{"name":"wp","href":"https:\/\/api.w.org\/{rel}","templated":true}]}}