{"id":46721,"date":"2026-02-24T11:40:15","date_gmt":"2026-02-24T10:40:15","guid":{"rendered":"https:\/\/imprimeideas.es\/?post_type=product&p=46721"},"modified":"2026-02-26T18:28:09","modified_gmt":"2026-02-26T17:28:09","slug":"camiseta-nino-hearvin","status":"publish","type":"product","link":"https:\/\/imprimeideas.es\/en\/product\/camiseta-nino-hearvin\/","title":{"rendered":"Camiseta Ni\u00f1o Hearvin"},"content":{"rendered":"<p>Camiseta para ni\u00f1o en material 100% poli\u00e9ster transpirable de 160g\/m2 con textura de algod\u00f3n. Con cuello redondo y atrevido dise\u00f1o con estampados inspirado en una paleta de pinturas. Disponible en tallas 4-5, 6-8, 10-12.<\/p>","protected":false},"excerpt":{"rendered":"<p>Transpirable<\/p>","protected":false},"featured_media":80952,"comment_status":"open","ping_status":"open","template":"","meta":{"inline_featured_image":false},"product_brand":[],"product_cat":[116,114],"product_tag":[],"class_list":{"0":"post-46721","1":"product","2":"type-product","3":"status-publish","4":"has-post-thumbnail","6":"product_cat-textil","7":"product_cat-verano-y-playa","9":"first","10":"instock","11":"taxable","12":"shipping-taxable","13":"purchasable","14":"product-type-variable","15":"has-default-attributes"},"aioseo_notices":[],"_links":{"self":[{"href":"https:\/\/imprimeideas.es\/en\/wp-json\/wp\/v2\/product\/46721","targetHints":{"allow":["GET"]}}],"collection":[{"href":"https:\/\/imprimeideas.es\/en\/wp-json\/wp\/v2\/product"}],"about":[{"href":"https:\/\/imprimeideas.es\/en\/wp-json\/wp\/v2\/types\/product"}],"replies":[{"embeddable":true,"href":"https:\/\/imprimeideas.es\/en\/wp-json\/wp\/v2\/comments?post=46721"}],"version-history":[{"count":1,"href":"https:\/\/imprimeideas.es\/en\/wp-json\/wp\/v2\/product\/46721\/revisions"}],"predecessor-version":[{"id":55894,"href":"https:\/\/imprimeideas.es\/en\/wp-json\/wp\/v2\/product\/46721\/revisions\/55894"}],"wp:featuredmedia":[{"embeddable":true,"href":"https:\/\/imprimeideas.es\/en\/wp-json\/wp\/v2\/media\/80952"}],"wp:attachment":[{"href":"https:\/\/imprimeideas.es\/en\/wp-json\/wp\/v2\/media?parent=46721"}],"wp:term":[{"taxonomy":"product_brand","embeddable":true,"href":"https:\/\/imprimeideas.es\/en\/wp-json\/wp\/v2\/product_brand?post=46721"},{"taxonomy":"product_cat","embeddable":true,"href":"https:\/\/imprimeideas.es\/en\/wp-json\/wp\/v2\/product_cat?post=46721"},{"taxonomy":"product_tag","embeddable":true,"href":"https:\/\/imprimeideas.es\/en\/wp-json\/wp\/v2\/product_tag?post=46721"}],"curies":[{"name":"wp","href":"https:\/\/api.w.org\/{rel}","templated":true}]}}