{"id":46519,"date":"2026-02-24T11:39:10","date_gmt":"2026-02-24T10:39:10","guid":{"rendered":"https:\/\/imprimeideas.es\/?post_type=product&p=46519"},"modified":"2026-02-26T18:33:07","modified_gmt":"2026-02-26T17:33:07","slug":"camiseta-adulto-tecnic-kannur","status":"publish","type":"product","link":"https:\/\/imprimeideas.es\/en\/product\/camiseta-adulto-tecnic-kannur\/","title":{"rendered":"Camiseta Adulto Tecnic Kannur"},"content":{"rendered":"<p>Camiseta t\u00e9cnica unisex con original dise\u00f1o a rayas, en combinaci\u00f3n con tejido transpirable microperforado en axilas y laterales. Confeccionada en suave material 100% poli\u00e9ster de 135g\/m2, siendo una camiseta muy c\u00f3moda, ligera y transpirable; ideal para la pr\u00e1ctica de deporte y tambi\u00e9n como prenda de uso diario. De corte moderno, manga rangl\u00e1n y cuello redondo, con doble costura en dobladillo y mangas de doble tejido para una mayor durabilidad y resistencia al uso intensivo. Disponible en tallas XS, S, M, L, XL y XXL.<\/p>","protected":false},"excerpt":{"rendered":"<p>Transpirable<\/p>","protected":false},"featured_media":46646,"comment_status":"open","ping_status":"open","template":"","meta":{"inline_featured_image":false},"product_brand":[],"product_cat":[116],"product_tag":[],"class_list":{"0":"post-46519","1":"product","2":"type-product","3":"status-publish","4":"has-post-thumbnail","6":"product_cat-textil","8":"first","9":"instock","10":"taxable","11":"shipping-taxable","12":"purchasable","13":"product-type-variable","14":"has-default-attributes"},"aioseo_notices":[],"_links":{"self":[{"href":"https:\/\/imprimeideas.es\/en\/wp-json\/wp\/v2\/product\/46519","targetHints":{"allow":["GET"]}}],"collection":[{"href":"https:\/\/imprimeideas.es\/en\/wp-json\/wp\/v2\/product"}],"about":[{"href":"https:\/\/imprimeideas.es\/en\/wp-json\/wp\/v2\/types\/product"}],"replies":[{"embeddable":true,"href":"https:\/\/imprimeideas.es\/en\/wp-json\/wp\/v2\/comments?post=46519"}],"version-history":[{"count":1,"href":"https:\/\/imprimeideas.es\/en\/wp-json\/wp\/v2\/product\/46519\/revisions"}],"predecessor-version":[{"id":55887,"href":"https:\/\/imprimeideas.es\/en\/wp-json\/wp\/v2\/product\/46519\/revisions\/55887"}],"wp:featuredmedia":[{"embeddable":true,"href":"https:\/\/imprimeideas.es\/en\/wp-json\/wp\/v2\/media\/46646"}],"wp:attachment":[{"href":"https:\/\/imprimeideas.es\/en\/wp-json\/wp\/v2\/media?parent=46519"}],"wp:term":[{"taxonomy":"product_brand","embeddable":true,"href":"https:\/\/imprimeideas.es\/en\/wp-json\/wp\/v2\/product_brand?post=46519"},{"taxonomy":"product_cat","embeddable":true,"href":"https:\/\/imprimeideas.es\/en\/wp-json\/wp\/v2\/product_cat?post=46519"},{"taxonomy":"product_tag","embeddable":true,"href":"https:\/\/imprimeideas.es\/en\/wp-json\/wp\/v2\/product_tag?post=46519"}],"curies":[{"name":"wp","href":"https:\/\/api.w.org\/{rel}","templated":true}]}}