{"id":46369,"date":"2026-02-24T11:38:52","date_gmt":"2026-02-24T10:38:52","guid":{"rendered":"https:\/\/imprimeideas.es\/?post_type=product&p=46369"},"modified":"2026-02-26T18:33:03","modified_gmt":"2026-02-26T17:33:03","slug":"chaqueta-likpan","status":"publish","type":"product","link":"https:\/\/imprimeideas.es\/en\/product\/chaqueta-likpan\/","title":{"rendered":"Chaqueta Likpan"},"content":{"rendered":"<p>Chaqueta unisex en c\u00e1lido y suave material 100% RPET, con capucha ajustable mediante cintas el\u00e1sticas. En material extra ligero efecto pluma, resistente al agua y cortavientos. Con acolchado interior, cremallera en cuello con tapeta y cinta en tirador, adem\u00e1s de amplios bolsillos laterales con cremallera. Incluye pr\u00e1ctica funda de transporte con cord\u00f3n ajustable y etiqueta con logotipo RPET. Disponible en variada gama de colores y en tallas XS, S, M, L, XL, XXL.El material RPET se elabora a partir de pl\u00e1stico reciclado, para as\u00ed fomentar la reutilizaci\u00f3n de residuos pl\u00e1sticos y ayudar a la sostenibilidad del planeta.<\/p>","protected":false},"excerpt":{"rendered":"<p>Resistente al Viento y al Agua. Funda Poli\u00e9ster RPET<\/p>","protected":false},"featured_media":48388,"comment_status":"open","ping_status":"open","template":"","meta":{"inline_featured_image":false},"product_brand":[],"product_cat":[122,116],"product_tag":[],"class_list":{"0":"post-46369","1":"product","2":"type-product","3":"status-publish","4":"has-post-thumbnail","6":"product_cat-articulos-sostenibles","7":"product_cat-textil","9":"first","10":"instock","11":"taxable","12":"shipping-taxable","13":"purchasable","14":"product-type-variable","15":"has-default-attributes"},"aioseo_notices":[],"_links":{"self":[{"href":"https:\/\/imprimeideas.es\/en\/wp-json\/wp\/v2\/product\/46369","targetHints":{"allow":["GET"]}}],"collection":[{"href":"https:\/\/imprimeideas.es\/en\/wp-json\/wp\/v2\/product"}],"about":[{"href":"https:\/\/imprimeideas.es\/en\/wp-json\/wp\/v2\/types\/product"}],"replies":[{"embeddable":true,"href":"https:\/\/imprimeideas.es\/en\/wp-json\/wp\/v2\/comments?post=46369"}],"version-history":[{"count":1,"href":"https:\/\/imprimeideas.es\/en\/wp-json\/wp\/v2\/product\/46369\/revisions"}],"predecessor-version":[{"id":55880,"href":"https:\/\/imprimeideas.es\/en\/wp-json\/wp\/v2\/product\/46369\/revisions\/55880"}],"wp:featuredmedia":[{"embeddable":true,"href":"https:\/\/imprimeideas.es\/en\/wp-json\/wp\/v2\/media\/48388"}],"wp:attachment":[{"href":"https:\/\/imprimeideas.es\/en\/wp-json\/wp\/v2\/media?parent=46369"}],"wp:term":[{"taxonomy":"product_brand","embeddable":true,"href":"https:\/\/imprimeideas.es\/en\/wp-json\/wp\/v2\/product_brand?post=46369"},{"taxonomy":"product_cat","embeddable":true,"href":"https:\/\/imprimeideas.es\/en\/wp-json\/wp\/v2\/product_cat?post=46369"},{"taxonomy":"product_tag","embeddable":true,"href":"https:\/\/imprimeideas.es\/en\/wp-json\/wp\/v2\/product_tag?post=46369"}],"curies":[{"name":"wp","href":"https:\/\/api.w.org\/{rel}","templated":true}]}}