{"id":46103,"date":"2026-02-24T11:38:21","date_gmt":"2026-02-24T10:38:21","guid":{"rendered":"https:\/\/imprimeideas.es\/?post_type=product&p=46103"},"modified":"2026-02-26T18:19:36","modified_gmt":"2026-02-26T17:19:36","slug":"camiseta-nino-color-seiyo","status":"publish","type":"product","link":"https:\/\/imprimeideas.es\/en\/product\/camiseta-nino-color-seiyo\/","title":{"rendered":"Camiseta Ni\u00f1o Color Seiyo"},"content":{"rendered":"<p>Camiseta de ni\u00f1o confeccionada en 100% algod\u00f3n peinado Ring Spun y estilo Single Jersey de 160g\/m2. Tacto suave y corte moderno, confeccionada en tejido tubular sin costuras laterales. Cuello redondo estrecho en canal\u00e9 2&#215;2. Doble costura en dobladillo y mangas para una mayor durabilidad y resistencia al uso intensivo. Disponible en gama de colores de moda y en tallas 4-5, 6-8, 10-12.<\/p>","protected":false},"excerpt":{"rendered":"<p>Camiseta de ni\u00f1o confeccionada en 100% algod\u00f3n peinado Ring Spun y estilo Single Jersey de 160g\/m2. Tacto suave y corte<\/p>","protected":false},"featured_media":74674,"comment_status":"open","ping_status":"open","template":"","meta":{"inline_featured_image":false},"product_brand":[],"product_cat":[116],"product_tag":[],"class_list":{"0":"post-46103","1":"product","2":"type-product","3":"status-publish","4":"has-post-thumbnail","6":"product_cat-textil","8":"first","9":"instock","10":"taxable","11":"shipping-taxable","12":"purchasable","13":"product-type-variable","14":"has-default-attributes"},"aioseo_notices":[],"_links":{"self":[{"href":"https:\/\/imprimeideas.es\/en\/wp-json\/wp\/v2\/product\/46103","targetHints":{"allow":["GET"]}}],"collection":[{"href":"https:\/\/imprimeideas.es\/en\/wp-json\/wp\/v2\/product"}],"about":[{"href":"https:\/\/imprimeideas.es\/en\/wp-json\/wp\/v2\/types\/product"}],"replies":[{"embeddable":true,"href":"https:\/\/imprimeideas.es\/en\/wp-json\/wp\/v2\/comments?post=46103"}],"version-history":[{"count":1,"href":"https:\/\/imprimeideas.es\/en\/wp-json\/wp\/v2\/product\/46103\/revisions"}],"predecessor-version":[{"id":55874,"href":"https:\/\/imprimeideas.es\/en\/wp-json\/wp\/v2\/product\/46103\/revisions\/55874"}],"wp:featuredmedia":[{"embeddable":true,"href":"https:\/\/imprimeideas.es\/en\/wp-json\/wp\/v2\/media\/74674"}],"wp:attachment":[{"href":"https:\/\/imprimeideas.es\/en\/wp-json\/wp\/v2\/media?parent=46103"}],"wp:term":[{"taxonomy":"product_brand","embeddable":true,"href":"https:\/\/imprimeideas.es\/en\/wp-json\/wp\/v2\/product_brand?post=46103"},{"taxonomy":"product_cat","embeddable":true,"href":"https:\/\/imprimeideas.es\/en\/wp-json\/wp\/v2\/product_cat?post=46103"},{"taxonomy":"product_tag","embeddable":true,"href":"https:\/\/imprimeideas.es\/en\/wp-json\/wp\/v2\/product_tag?post=46103"}],"curies":[{"name":"wp","href":"https:\/\/api.w.org\/{rel}","templated":true}]}}