{"id":45891,"date":"2026-02-24T11:37:55","date_gmt":"2026-02-24T10:37:55","guid":{"rendered":"https:\/\/imprimeideas.es\/?post_type=product&p=45891"},"modified":"2026-02-26T18:03:05","modified_gmt":"2026-02-26T17:03:05","slug":"camiseta-mujer-bandul","status":"publish","type":"product","link":"https:\/\/imprimeideas.es\/en\/product\/camiseta-mujer-bandul\/","title":{"rendered":"Camiseta Mujer Bandul"},"content":{"rendered":"<p>Camiseta para mujer fabricada en material 60% algod\u00f3n reciclado en combinaci\u00f3n con RPET, tejido Single Jersey de 150g\/m2. Disponible en variada gama de colores, con logotipo reciclado en etiqueta y en tallas S, M, L, XL, XXL.El material RPET se elabora a partir de pl\u00e1stico reciclado, para as\u00ed fomentar la reutilizaci\u00f3n de residuos pl\u00e1sticos y ayudar a la sostenibilidad del planeta.<\/p>","protected":false},"excerpt":{"rendered":"<p>Camiseta para mujer fabricada en material 60% algod\u00f3n reciclado en combinaci\u00f3n con RPET, tejido Single Jersey de 150g\/m2. Disponible en<\/p>","protected":false},"featured_media":73945,"comment_status":"open","ping_status":"open","template":"","meta":{"inline_featured_image":false},"product_brand":[],"product_cat":[122,116],"product_tag":[],"class_list":{"0":"post-45891","1":"product","2":"type-product","3":"status-publish","4":"has-post-thumbnail","6":"product_cat-articulos-sostenibles","7":"product_cat-textil","9":"first","10":"instock","11":"taxable","12":"shipping-taxable","13":"purchasable","14":"product-type-variable","15":"has-default-attributes"},"aioseo_notices":[],"_links":{"self":[{"href":"https:\/\/imprimeideas.es\/en\/wp-json\/wp\/v2\/product\/45891","targetHints":{"allow":["GET"]}}],"collection":[{"href":"https:\/\/imprimeideas.es\/en\/wp-json\/wp\/v2\/product"}],"about":[{"href":"https:\/\/imprimeideas.es\/en\/wp-json\/wp\/v2\/types\/product"}],"replies":[{"embeddable":true,"href":"https:\/\/imprimeideas.es\/en\/wp-json\/wp\/v2\/comments?post=45891"}],"version-history":[{"count":1,"href":"https:\/\/imprimeideas.es\/en\/wp-json\/wp\/v2\/product\/45891\/revisions"}],"predecessor-version":[{"id":55870,"href":"https:\/\/imprimeideas.es\/en\/wp-json\/wp\/v2\/product\/45891\/revisions\/55870"}],"wp:featuredmedia":[{"embeddable":true,"href":"https:\/\/imprimeideas.es\/en\/wp-json\/wp\/v2\/media\/73945"}],"wp:attachment":[{"href":"https:\/\/imprimeideas.es\/en\/wp-json\/wp\/v2\/media?parent=45891"}],"wp:term":[{"taxonomy":"product_brand","embeddable":true,"href":"https:\/\/imprimeideas.es\/en\/wp-json\/wp\/v2\/product_brand?post=45891"},{"taxonomy":"product_cat","embeddable":true,"href":"https:\/\/imprimeideas.es\/en\/wp-json\/wp\/v2\/product_cat?post=45891"},{"taxonomy":"product_tag","embeddable":true,"href":"https:\/\/imprimeideas.es\/en\/wp-json\/wp\/v2\/product_tag?post=45891"}],"curies":[{"name":"wp","href":"https:\/\/api.w.org\/{rel}","templated":true}]}}