{"id":45843,"date":"2026-02-24T11:37:49","date_gmt":"2026-02-24T10:37:49","guid":{"rendered":"https:\/\/imprimeideas.es\/?post_type=product&p=45843"},"modified":"2026-02-26T18:42:33","modified_gmt":"2026-02-26T17:42:33","slug":"mochila-arlequix","status":"publish","type":"product","link":"https:\/\/imprimeideas.es\/en\/product\/mochila-arlequix\/","title":{"rendered":"Mochila Arlequix"},"content":{"rendered":"<p>Mochila de cuerdas en suave poli\u00e9ster. Posee cuerdas de autocierre y argollas met\u00e1licas de refuerzo. Disponible en variada gama de colores (color blanco especialmente fabricado para impresi\u00f3n en sublimaci\u00f3n).<\/p>","protected":false},"excerpt":{"rendered":"<p>Mochila de cuerdas en suave poli\u00e9ster. Posee cuerdas de autocierre y argollas met\u00e1licas de refuerzo. Disponible en variada gama de<\/p>","protected":false},"featured_media":75197,"comment_status":"open","ping_status":"open","template":"","meta":{"inline_featured_image":false},"product_brand":[],"product_cat":[94],"product_tag":[],"class_list":{"0":"post-45843","1":"product","2":"type-product","3":"status-publish","4":"has-post-thumbnail","6":"product_cat-mochilas","8":"first","9":"instock","10":"taxable","11":"shipping-taxable","12":"purchasable","13":"product-type-variable","14":"has-default-attributes"},"aioseo_notices":[],"_links":{"self":[{"href":"https:\/\/imprimeideas.es\/en\/wp-json\/wp\/v2\/product\/45843","targetHints":{"allow":["GET"]}}],"collection":[{"href":"https:\/\/imprimeideas.es\/en\/wp-json\/wp\/v2\/product"}],"about":[{"href":"https:\/\/imprimeideas.es\/en\/wp-json\/wp\/v2\/types\/product"}],"replies":[{"embeddable":true,"href":"https:\/\/imprimeideas.es\/en\/wp-json\/wp\/v2\/comments?post=45843"}],"version-history":[{"count":1,"href":"https:\/\/imprimeideas.es\/en\/wp-json\/wp\/v2\/product\/45843\/revisions"}],"predecessor-version":[{"id":55865,"href":"https:\/\/imprimeideas.es\/en\/wp-json\/wp\/v2\/product\/45843\/revisions\/55865"}],"wp:featuredmedia":[{"embeddable":true,"href":"https:\/\/imprimeideas.es\/en\/wp-json\/wp\/v2\/media\/75197"}],"wp:attachment":[{"href":"https:\/\/imprimeideas.es\/en\/wp-json\/wp\/v2\/media?parent=45843"}],"wp:term":[{"taxonomy":"product_brand","embeddable":true,"href":"https:\/\/imprimeideas.es\/en\/wp-json\/wp\/v2\/product_brand?post=45843"},{"taxonomy":"product_cat","embeddable":true,"href":"https:\/\/imprimeideas.es\/en\/wp-json\/wp\/v2\/product_cat?post=45843"},{"taxonomy":"product_tag","embeddable":true,"href":"https:\/\/imprimeideas.es\/en\/wp-json\/wp\/v2\/product_tag?post=45843"}],"curies":[{"name":"wp","href":"https:\/\/api.w.org\/{rel}","templated":true}]}}