{"id":45820,"date":"2026-02-24T11:37:46","date_gmt":"2026-02-24T10:37:46","guid":{"rendered":"https:\/\/imprimeideas.es\/?post_type=product&p=45820"},"modified":"2026-02-26T18:19:08","modified_gmt":"2026-02-26T17:19:08","slug":"trolley-plegable-dopkin","status":"publish","type":"product","link":"https:\/\/imprimeideas.es\/en\/product\/trolley-plegable-dopkin\/","title":{"rendered":"Trolley Plegable Dopkin"},"content":{"rendered":"<p>Pr\u00e1ctico trolley plegable de 4 ruedas giratorias, en r\u00edgido ABS. Con la posibilidad de poder ampliar su capacidad por su parte central extensible, con cierre de cremallera de doble tirador. Equipado con un bolsillo acolchado para port\u00e1til de hasta 15 pulgadas y bolsillo para tablet de hasta 10 pulgadas, en la parte frontal. Cierre conforme a los est\u00e1ndares TSA -Administraci\u00f3n de la Seguridad en el Transporte-, que permite a las autoridades de aduanas inspeccionar el contenido del equipaje sin tener que forzar o romper el cierre, a traves de una llave especial a disposici\u00f3n de la autoridad.<\/p>","protected":false},"excerpt":{"rendered":"<p>R\u00edgido. 4 Ruedas Giratorias. Bolsillo Acolchado para Port\u00e1til. Cierre Seguridad TSA<\/p>","protected":false},"featured_media":84825,"comment_status":"open","ping_status":"open","template":"","meta":{"inline_featured_image":false},"product_brand":[],"product_cat":[103],"product_tag":[],"class_list":{"0":"post-45820","1":"product","2":"type-product","3":"status-publish","4":"has-post-thumbnail","6":"product_cat-viaje","8":"first","9":"instock","10":"taxable","11":"shipping-taxable","12":"purchasable","13":"product-type-variable","14":"has-default-attributes"},"aioseo_notices":[],"_links":{"self":[{"href":"https:\/\/imprimeideas.es\/en\/wp-json\/wp\/v2\/product\/45820","targetHints":{"allow":["GET"]}}],"collection":[{"href":"https:\/\/imprimeideas.es\/en\/wp-json\/wp\/v2\/product"}],"about":[{"href":"https:\/\/imprimeideas.es\/en\/wp-json\/wp\/v2\/types\/product"}],"replies":[{"embeddable":true,"href":"https:\/\/imprimeideas.es\/en\/wp-json\/wp\/v2\/comments?post=45820"}],"version-history":[{"count":1,"href":"https:\/\/imprimeideas.es\/en\/wp-json\/wp\/v2\/product\/45820\/revisions"}],"predecessor-version":[{"id":55861,"href":"https:\/\/imprimeideas.es\/en\/wp-json\/wp\/v2\/product\/45820\/revisions\/55861"}],"wp:featuredmedia":[{"embeddable":true,"href":"https:\/\/imprimeideas.es\/en\/wp-json\/wp\/v2\/media\/84825"}],"wp:attachment":[{"href":"https:\/\/imprimeideas.es\/en\/wp-json\/wp\/v2\/media?parent=45820"}],"wp:term":[{"taxonomy":"product_brand","embeddable":true,"href":"https:\/\/imprimeideas.es\/en\/wp-json\/wp\/v2\/product_brand?post=45820"},{"taxonomy":"product_cat","embeddable":true,"href":"https:\/\/imprimeideas.es\/en\/wp-json\/wp\/v2\/product_cat?post=45820"},{"taxonomy":"product_tag","embeddable":true,"href":"https:\/\/imprimeideas.es\/en\/wp-json\/wp\/v2\/product_tag?post=45820"}],"curies":[{"name":"wp","href":"https:\/\/api.w.org\/{rel}","templated":true}]}}