{"id":45810,"date":"2026-02-24T11:37:45","date_gmt":"2026-02-24T10:37:45","guid":{"rendered":"https:\/\/imprimeideas.es\/?post_type=product&p=45810"},"modified":"2026-02-26T18:08:18","modified_gmt":"2026-02-26T17:08:18","slug":"boligrafo-peters","status":"publish","type":"product","link":"https:\/\/imprimeideas.es\/en\/product\/boligrafo-peters\/","title":{"rendered":"Bol\u00edgrafo Peters"},"content":{"rendered":"<p>Pr\u00e1ctico bol\u00edgrafo fabricado en ca\u00f1a de trigo y ABS. De mecanismo pulsador, en tinta azul y con logotipo Wheat Straw en la parte superior del bol\u00edgrafo. Disponible en variada gama de colores. La ca\u00f1a de trigo fomenta la utilizaci\u00f3n de materias primas naturales, reduciendo as\u00ed las emisiones contaminantes.<\/p>","protected":false},"excerpt":{"rendered":"<p>Pr\u00e1ctico bol\u00edgrafo fabricado en ca\u00f1a de trigo y ABS. De mecanismo pulsador, en tinta azul y con logotipo Wheat Straw<\/p>","protected":false},"featured_media":84074,"comment_status":"open","ping_status":"open","template":"","meta":{"inline_featured_image":false},"product_brand":[],"product_cat":[122,100],"product_tag":[],"class_list":{"0":"post-45810","1":"product","2":"type-product","3":"status-publish","4":"has-post-thumbnail","6":"product_cat-articulos-sostenibles","7":"product_cat-escritura","9":"first","10":"instock","11":"taxable","12":"shipping-taxable","13":"purchasable","14":"product-type-variable","15":"has-default-attributes"},"aioseo_notices":[],"_links":{"self":[{"href":"https:\/\/imprimeideas.es\/en\/wp-json\/wp\/v2\/product\/45810","targetHints":{"allow":["GET"]}}],"collection":[{"href":"https:\/\/imprimeideas.es\/en\/wp-json\/wp\/v2\/product"}],"about":[{"href":"https:\/\/imprimeideas.es\/en\/wp-json\/wp\/v2\/types\/product"}],"replies":[{"embeddable":true,"href":"https:\/\/imprimeideas.es\/en\/wp-json\/wp\/v2\/comments?post=45810"}],"version-history":[{"count":1,"href":"https:\/\/imprimeideas.es\/en\/wp-json\/wp\/v2\/product\/45810\/revisions"}],"predecessor-version":[{"id":55859,"href":"https:\/\/imprimeideas.es\/en\/wp-json\/wp\/v2\/product\/45810\/revisions\/55859"}],"wp:featuredmedia":[{"embeddable":true,"href":"https:\/\/imprimeideas.es\/en\/wp-json\/wp\/v2\/media\/84074"}],"wp:attachment":[{"href":"https:\/\/imprimeideas.es\/en\/wp-json\/wp\/v2\/media?parent=45810"}],"wp:term":[{"taxonomy":"product_brand","embeddable":true,"href":"https:\/\/imprimeideas.es\/en\/wp-json\/wp\/v2\/product_brand?post=45810"},{"taxonomy":"product_cat","embeddable":true,"href":"https:\/\/imprimeideas.es\/en\/wp-json\/wp\/v2\/product_cat?post=45810"},{"taxonomy":"product_tag","embeddable":true,"href":"https:\/\/imprimeideas.es\/en\/wp-json\/wp\/v2\/product_tag?post=45810"}],"curies":[{"name":"wp","href":"https:\/\/api.w.org\/{rel}","templated":true}]}}