{"id":45794,"date":"2026-02-24T11:37:42","date_gmt":"2026-02-24T10:37:42","guid":{"rendered":"https:\/\/imprimeideas.es\/?post_type=product&p=45794"},"modified":"2026-02-26T18:37:32","modified_gmt":"2026-02-26T17:37:32","slug":"boligrafo-storm","status":"publish","type":"product","link":"https:\/\/imprimeideas.es\/en\/product\/boligrafo-storm\/","title":{"rendered":"Bol\u00edgrafo Storm"},"content":{"rendered":"<p>Elegante bol\u00edgrafo pulsador de RABS y bamb\u00fa. Con un dise\u00f1o logotipo que incorpora la combinaci\u00f3n de bamb\u00fa y RABS en una variedad de colores vibrantes a lo largo de la ca\u00f1a. De mecanismo pulsador y tinta azul con bot\u00f3n, clip y punta cromados. Presentado individualmente en bolsa reciclada. El RABS es un pl\u00e1stico altamente reciclable de gran resistencia y con multitud de aplicaciones que lo convierten en una soluci\u00f3n eco-friendly. Con certificaci\u00f3n RCS, que garantiza el origen reciclado del mismo y con logo RABS grabado.<\/p>","protected":false},"excerpt":{"rendered":"<p>Carga Jumbo<\/p>","protected":false},"featured_media":73808,"comment_status":"open","ping_status":"open","template":"","meta":{"inline_featured_image":false},"product_brand":[],"product_cat":[122,100],"product_tag":[],"class_list":{"0":"post-45794","1":"product","2":"type-product","3":"status-publish","4":"has-post-thumbnail","6":"product_cat-articulos-sostenibles","7":"product_cat-escritura","9":"first","10":"instock","11":"taxable","12":"shipping-taxable","13":"purchasable","14":"product-type-variable","15":"has-default-attributes"},"aioseo_notices":[],"_links":{"self":[{"href":"https:\/\/imprimeideas.es\/en\/wp-json\/wp\/v2\/product\/45794","targetHints":{"allow":["GET"]}}],"collection":[{"href":"https:\/\/imprimeideas.es\/en\/wp-json\/wp\/v2\/product"}],"about":[{"href":"https:\/\/imprimeideas.es\/en\/wp-json\/wp\/v2\/types\/product"}],"replies":[{"embeddable":true,"href":"https:\/\/imprimeideas.es\/en\/wp-json\/wp\/v2\/comments?post=45794"}],"version-history":[{"count":1,"href":"https:\/\/imprimeideas.es\/en\/wp-json\/wp\/v2\/product\/45794\/revisions"}],"predecessor-version":[{"id":55857,"href":"https:\/\/imprimeideas.es\/en\/wp-json\/wp\/v2\/product\/45794\/revisions\/55857"}],"wp:featuredmedia":[{"embeddable":true,"href":"https:\/\/imprimeideas.es\/en\/wp-json\/wp\/v2\/media\/73808"}],"wp:attachment":[{"href":"https:\/\/imprimeideas.es\/en\/wp-json\/wp\/v2\/media?parent=45794"}],"wp:term":[{"taxonomy":"product_brand","embeddable":true,"href":"https:\/\/imprimeideas.es\/en\/wp-json\/wp\/v2\/product_brand?post=45794"},{"taxonomy":"product_cat","embeddable":true,"href":"https:\/\/imprimeideas.es\/en\/wp-json\/wp\/v2\/product_cat?post=45794"},{"taxonomy":"product_tag","embeddable":true,"href":"https:\/\/imprimeideas.es\/en\/wp-json\/wp\/v2\/product_tag?post=45794"}],"curies":[{"name":"wp","href":"https:\/\/api.w.org\/{rel}","templated":true}]}}