{"id":45784,"date":"2026-02-24T11:37:41","date_gmt":"2026-02-24T10:37:41","guid":{"rendered":"https:\/\/imprimeideas.es\/?post_type=product&p=45784"},"modified":"2026-02-26T18:32:58","modified_gmt":"2026-02-26T17:32:58","slug":"bidon-termico-flautrok","status":"publish","type":"product","link":"https:\/\/imprimeideas.es\/en\/product\/bidon-termico-flautrok\/","title":{"rendered":"Bid\u00f3n T\u00e9rmico Flautrok"},"content":{"rendered":"<p>Original bid\u00f3n t\u00e9rmico fabricado en acero inox de 550 ml de capacidad. Su tap\u00f3n de rosca asegura un sellado perfecto, incorporando un compartimento con dos cuerdas intercambiables: una elegante pulsera y un vers\u00e1til lanyard con aro mosquet\u00f3n para facilitar el transporte. La base alberga un vaso de 300 ml con acoplamiento de rosca del mismo color, fabricado en resistente PP. Disponible en variados colores mate. Presentado en caja individual dise\u00f1o kraft.<\/p>","protected":false},"excerpt":{"rendered":"<p>500 ml. Vaso PP 300 ml. Lanyard Incluido<\/p>","protected":false},"featured_media":83369,"comment_status":"open","ping_status":"open","template":"","meta":{"inline_featured_image":false},"product_brand":[],"product_cat":[97],"product_tag":[],"class_list":{"0":"post-45784","1":"product","2":"type-product","3":"status-publish","4":"has-post-thumbnail","6":"product_cat-tazas-jarras-y-termos","8":"first","9":"instock","10":"taxable","11":"shipping-taxable","12":"purchasable","13":"product-type-variable","14":"has-default-attributes"},"aioseo_notices":[],"_links":{"self":[{"href":"https:\/\/imprimeideas.es\/en\/wp-json\/wp\/v2\/product\/45784","targetHints":{"allow":["GET"]}}],"collection":[{"href":"https:\/\/imprimeideas.es\/en\/wp-json\/wp\/v2\/product"}],"about":[{"href":"https:\/\/imprimeideas.es\/en\/wp-json\/wp\/v2\/types\/product"}],"replies":[{"embeddable":true,"href":"https:\/\/imprimeideas.es\/en\/wp-json\/wp\/v2\/comments?post=45784"}],"version-history":[{"count":1,"href":"https:\/\/imprimeideas.es\/en\/wp-json\/wp\/v2\/product\/45784\/revisions"}],"predecessor-version":[{"id":55855,"href":"https:\/\/imprimeideas.es\/en\/wp-json\/wp\/v2\/product\/45784\/revisions\/55855"}],"wp:featuredmedia":[{"embeddable":true,"href":"https:\/\/imprimeideas.es\/en\/wp-json\/wp\/v2\/media\/83369"}],"wp:attachment":[{"href":"https:\/\/imprimeideas.es\/en\/wp-json\/wp\/v2\/media?parent=45784"}],"wp:term":[{"taxonomy":"product_brand","embeddable":true,"href":"https:\/\/imprimeideas.es\/en\/wp-json\/wp\/v2\/product_brand?post=45784"},{"taxonomy":"product_cat","embeddable":true,"href":"https:\/\/imprimeideas.es\/en\/wp-json\/wp\/v2\/product_cat?post=45784"},{"taxonomy":"product_tag","embeddable":true,"href":"https:\/\/imprimeideas.es\/en\/wp-json\/wp\/v2\/product_tag?post=45784"}],"curies":[{"name":"wp","href":"https:\/\/api.w.org\/{rel}","templated":true}]}}