{"id":45782,"date":"2026-02-24T11:37:41","date_gmt":"2026-02-24T10:37:41","guid":{"rendered":"https:\/\/imprimeideas.es\/?post_type=product&p=45782"},"modified":"2026-02-26T18:42:28","modified_gmt":"2026-02-26T17:42:28","slug":"set-datiford","status":"publish","type":"product","link":"https:\/\/imprimeideas.es\/en\/product\/set-datiford\/","title":{"rendered":"Set Datiford"},"content":{"rendered":"<p>Elegante set premium que incluye: Termo de doble capa en Acero Inox Reciclado de acabado negro mate y de 500 ml de capacidad, con asa r\u00edgida de metal color plata mate. Con logotipo acero inox.Bloc de notas en RPET en elegante color negro, con detalle met\u00e1lico especial para marcaje en l\u00e1ser. Incluye cierre el\u00e1stico y marcap\u00e1ginas de tela. Interior con 80 hojas de disposici\u00f3n a una raya. Con logotipo RPET.Bol\u00edgrafo en RPET de acabado negro mate, de mecanismo giratorio y tinta azul. Con clip y puntera en pulido metal. Set presentado en estuche individual de acabado mate, con troquelado interior para cada uno de los elementos del set.El material RPET se elabora a partir de pl\u00e1stico reciclado, para as\u00ed fomentar la reutilizaci\u00f3n de residuos pl\u00e1sticos y ayudar a la sostenibilidad del planeta.<\/p>","protected":false},"excerpt":{"rendered":"<p>Bid\u00f3n T\u00e9rmico Acero Inox Reciclado, 500 ml. Bloc Poli\u00e9ster 300D RPET, Portada R\u00edgida, 80 Hojas. Bol\u00edgrafo Poli\u00e9ster 300D RPET<\/p>","protected":false},"featured_media":70491,"comment_status":"open","ping_status":"open","template":"","meta":{"inline_featured_image":false},"product_brand":[],"product_cat":[122,106],"product_tag":[],"class_list":{"0":"post-45782","1":"product","2":"type-product","3":"status-publish","4":"has-post-thumbnail","6":"product_cat-articulos-sostenibles","7":"product_cat-regalos-y-premiums","9":"first","10":"instock","11":"taxable","12":"shipping-taxable","13":"purchasable","14":"product-type-variable","15":"has-default-attributes"},"aioseo_notices":[],"_links":{"self":[{"href":"https:\/\/imprimeideas.es\/en\/wp-json\/wp\/v2\/product\/45782","targetHints":{"allow":["GET"]}}],"collection":[{"href":"https:\/\/imprimeideas.es\/en\/wp-json\/wp\/v2\/product"}],"about":[{"href":"https:\/\/imprimeideas.es\/en\/wp-json\/wp\/v2\/types\/product"}],"replies":[{"embeddable":true,"href":"https:\/\/imprimeideas.es\/en\/wp-json\/wp\/v2\/comments?post=45782"}],"version-history":[{"count":1,"href":"https:\/\/imprimeideas.es\/en\/wp-json\/wp\/v2\/product\/45782\/revisions"}],"predecessor-version":[{"id":55854,"href":"https:\/\/imprimeideas.es\/en\/wp-json\/wp\/v2\/product\/45782\/revisions\/55854"}],"wp:featuredmedia":[{"embeddable":true,"href":"https:\/\/imprimeideas.es\/en\/wp-json\/wp\/v2\/media\/70491"}],"wp:attachment":[{"href":"https:\/\/imprimeideas.es\/en\/wp-json\/wp\/v2\/media?parent=45782"}],"wp:term":[{"taxonomy":"product_brand","embeddable":true,"href":"https:\/\/imprimeideas.es\/en\/wp-json\/wp\/v2\/product_brand?post=45782"},{"taxonomy":"product_cat","embeddable":true,"href":"https:\/\/imprimeideas.es\/en\/wp-json\/wp\/v2\/product_cat?post=45782"},{"taxonomy":"product_tag","embeddable":true,"href":"https:\/\/imprimeideas.es\/en\/wp-json\/wp\/v2\/product_tag?post=45782"}],"curies":[{"name":"wp","href":"https:\/\/api.w.org\/{rel}","templated":true}]}}