{"id":45780,"date":"2026-02-24T11:37:41","date_gmt":"2026-02-24T10:37:41","guid":{"rendered":"https:\/\/imprimeideas.es\/?post_type=product&p=45780"},"modified":"2026-02-26T18:32:52","modified_gmt":"2026-02-26T17:32:52","slug":"set-neolux","status":"publish","type":"product","link":"https:\/\/imprimeideas.es\/en\/product\/set-neolux\/","title":{"rendered":"Set Neolux"},"content":{"rendered":"<p>Elegante set premium que incluye: Vaso t\u00e9rmico de doble pared en Acero Inox Reciclado y 550 ml de capacidad, con elegante acabado negro mate. Base de corcho, con tapadera a presi\u00f3n y dosificador. Es ideal para tener en tu escritorio, mesa o en cualquier superficie donde disfrutar tranquilamente de tu bebida favorita. Paraguas plegable de color negro con 98cm de di\u00e1metro. En material pongee 190T RPET y mango de corcho. De apertura manual, con sistema anti viento y varillas en fibra de vidrio. Con etiqueta distintiva RPET. Set presentado en estuche individual de acabado mate, con troquelado interior para cada uno de los elementos del set. El material RPET se elabora a partir de pl\u00e1stico reciclado, para as\u00ed fomentar la reutilizaci\u00f3n de residuos pl\u00e1sticos y ayudar a la sostenibilidad del planeta.<\/p>","protected":false},"excerpt":{"rendered":"<p>Vaso T\u00e9rmico Acero Inox Reciclado\/ Corcho. 550 ml<\/p>","protected":false},"featured_media":79991,"comment_status":"open","ping_status":"open","template":"","meta":{"inline_featured_image":false},"product_brand":[],"product_cat":[122,118,106,97],"product_tag":[],"class_list":{"0":"post-45780","1":"product","2":"type-product","3":"status-publish","4":"has-post-thumbnail","6":"product_cat-articulos-sostenibles","7":"product_cat-lluvia-y-frio","8":"product_cat-regalos-y-premiums","9":"product_cat-tazas-jarras-y-termos","11":"first","12":"instock","13":"taxable","14":"shipping-taxable","15":"purchasable","16":"product-type-variable","17":"has-default-attributes"},"aioseo_notices":[],"_links":{"self":[{"href":"https:\/\/imprimeideas.es\/en\/wp-json\/wp\/v2\/product\/45780","targetHints":{"allow":["GET"]}}],"collection":[{"href":"https:\/\/imprimeideas.es\/en\/wp-json\/wp\/v2\/product"}],"about":[{"href":"https:\/\/imprimeideas.es\/en\/wp-json\/wp\/v2\/types\/product"}],"replies":[{"embeddable":true,"href":"https:\/\/imprimeideas.es\/en\/wp-json\/wp\/v2\/comments?post=45780"}],"version-history":[{"count":1,"href":"https:\/\/imprimeideas.es\/en\/wp-json\/wp\/v2\/product\/45780\/revisions"}],"predecessor-version":[{"id":55853,"href":"https:\/\/imprimeideas.es\/en\/wp-json\/wp\/v2\/product\/45780\/revisions\/55853"}],"wp:featuredmedia":[{"embeddable":true,"href":"https:\/\/imprimeideas.es\/en\/wp-json\/wp\/v2\/media\/79991"}],"wp:attachment":[{"href":"https:\/\/imprimeideas.es\/en\/wp-json\/wp\/v2\/media?parent=45780"}],"wp:term":[{"taxonomy":"product_brand","embeddable":true,"href":"https:\/\/imprimeideas.es\/en\/wp-json\/wp\/v2\/product_brand?post=45780"},{"taxonomy":"product_cat","embeddable":true,"href":"https:\/\/imprimeideas.es\/en\/wp-json\/wp\/v2\/product_cat?post=45780"},{"taxonomy":"product_tag","embeddable":true,"href":"https:\/\/imprimeideas.es\/en\/wp-json\/wp\/v2\/product_tag?post=45780"}],"curies":[{"name":"wp","href":"https:\/\/api.w.org\/{rel}","templated":true}]}}