{"id":45778,"date":"2026-02-24T11:37:41","date_gmt":"2026-02-24T10:37:41","guid":{"rendered":"https:\/\/imprimeideas.es\/?post_type=product&p=45778"},"modified":"2026-02-26T18:13:53","modified_gmt":"2026-02-26T17:13:53","slug":"set-patrick","status":"publish","type":"product","link":"https:\/\/imprimeideas.es\/en\/product\/set-patrick\/","title":{"rendered":"Set Patrick"},"content":{"rendered":"<p>Set de bloc de notas y bol\u00edgrafo elaborado en corcho. Incluye:Bloc de notas de tapas r\u00edgidas, con detalle met\u00e1lico en la portada, marcap\u00e1ginas de tela y el\u00e1stico de sujeci\u00f3n a juego. 80 hojas interiores con disposici\u00f3n a una raya. Bol\u00edgrafo con cuerpo recubierto en suave corcho. Elegante clip met\u00e1lico y accesorios a juego, de mecanismo pulsador y en tinta azul. Llavero memoria USB de 16GB en forma de corcho de botella. Set presentado en elegante estuche de dise\u00f1o en color kraft, con compartimento independiente para cada art\u00edculo.Elaborado con elementos vegetales para as\u00ed fomentar la utilizaci\u00f3n de materias primas naturales y reducir las emisiones contaminantes.<\/p>","protected":false},"excerpt":{"rendered":"<p>Bloc Portada R\u00edgida. 80 Hojas. Bol\u00edgrafo. Memoria USB 16GB<\/p>","protected":false},"featured_media":46592,"comment_status":"open","ping_status":"open","template":"","meta":{"inline_featured_image":false},"product_brand":[],"product_cat":[122,96],"product_tag":[],"class_list":{"0":"post-45778","1":"product","2":"type-product","3":"status-publish","4":"has-post-thumbnail","6":"product_cat-articulos-sostenibles","7":"product_cat-oficina-y-negocios","9":"first","10":"instock","11":"taxable","12":"shipping-taxable","13":"purchasable","14":"product-type-variable","15":"has-default-attributes"},"aioseo_notices":[],"_links":{"self":[{"href":"https:\/\/imprimeideas.es\/en\/wp-json\/wp\/v2\/product\/45778","targetHints":{"allow":["GET"]}}],"collection":[{"href":"https:\/\/imprimeideas.es\/en\/wp-json\/wp\/v2\/product"}],"about":[{"href":"https:\/\/imprimeideas.es\/en\/wp-json\/wp\/v2\/types\/product"}],"replies":[{"embeddable":true,"href":"https:\/\/imprimeideas.es\/en\/wp-json\/wp\/v2\/comments?post=45778"}],"version-history":[{"count":1,"href":"https:\/\/imprimeideas.es\/en\/wp-json\/wp\/v2\/product\/45778\/revisions"}],"predecessor-version":[{"id":55852,"href":"https:\/\/imprimeideas.es\/en\/wp-json\/wp\/v2\/product\/45778\/revisions\/55852"}],"wp:featuredmedia":[{"embeddable":true,"href":"https:\/\/imprimeideas.es\/en\/wp-json\/wp\/v2\/media\/46592"}],"wp:attachment":[{"href":"https:\/\/imprimeideas.es\/en\/wp-json\/wp\/v2\/media?parent=45778"}],"wp:term":[{"taxonomy":"product_brand","embeddable":true,"href":"https:\/\/imprimeideas.es\/en\/wp-json\/wp\/v2\/product_brand?post=45778"},{"taxonomy":"product_cat","embeddable":true,"href":"https:\/\/imprimeideas.es\/en\/wp-json\/wp\/v2\/product_cat?post=45778"},{"taxonomy":"product_tag","embeddable":true,"href":"https:\/\/imprimeideas.es\/en\/wp-json\/wp\/v2\/product_tag?post=45778"}],"curies":[{"name":"wp","href":"https:\/\/api.w.org\/{rel}","templated":true}]}}