{"id":45772,"date":"2026-02-24T11:37:40","date_gmt":"2026-02-24T10:37:40","guid":{"rendered":"https:\/\/imprimeideas.es\/?post_type=product&p=45772"},"modified":"2026-02-26T18:23:31","modified_gmt":"2026-02-26T17:23:31","slug":"bloc-notas-faty","status":"publish","type":"product","link":"https:\/\/imprimeideas.es\/en\/product\/bloc-notas-faty\/","title":{"rendered":"Bloc Notas Faty"},"content":{"rendered":"<p>Bloc de notas A5 con tapas duras elaborado a partir de frutas. Interior con 80 hojas de disposici\u00f3n a una raya, con marcap\u00e1ginas y banda el\u00e1stica a juego. Disponible en variados colores de acabado kraft. Incluye logotipo Papel de Fruta en contraportada. Presentado en una bolsa individual reciclada.Mediante la mezcla de residuos y desechos procedentes de la industria agroalimentaria, mezclados con otros materiales reciclados, se obtiene un papel 100% sostenible: el papel de frutas. Fomentando su uso se contribuye a la reutilizaci\u00f3n de materiales, y a un mayor compromiso medioambiental.<\/p>","protected":false},"excerpt":{"rendered":"<p>Portada R\u00edgida. 80 Hojas<\/p>","protected":false},"featured_media":46597,"comment_status":"open","ping_status":"open","template":"","meta":{"inline_featured_image":false},"product_brand":[],"product_cat":[122,96],"product_tag":[],"class_list":{"0":"post-45772","1":"product","2":"type-product","3":"status-publish","4":"has-post-thumbnail","6":"product_cat-articulos-sostenibles","7":"product_cat-oficina-y-negocios","9":"first","10":"instock","11":"taxable","12":"shipping-taxable","13":"purchasable","14":"product-type-variable","15":"has-default-attributes"},"aioseo_notices":[],"_links":{"self":[{"href":"https:\/\/imprimeideas.es\/en\/wp-json\/wp\/v2\/product\/45772","targetHints":{"allow":["GET"]}}],"collection":[{"href":"https:\/\/imprimeideas.es\/en\/wp-json\/wp\/v2\/product"}],"about":[{"href":"https:\/\/imprimeideas.es\/en\/wp-json\/wp\/v2\/types\/product"}],"replies":[{"embeddable":true,"href":"https:\/\/imprimeideas.es\/en\/wp-json\/wp\/v2\/comments?post=45772"}],"version-history":[{"count":1,"href":"https:\/\/imprimeideas.es\/en\/wp-json\/wp\/v2\/product\/45772\/revisions"}],"predecessor-version":[{"id":55851,"href":"https:\/\/imprimeideas.es\/en\/wp-json\/wp\/v2\/product\/45772\/revisions\/55851"}],"wp:featuredmedia":[{"embeddable":true,"href":"https:\/\/imprimeideas.es\/en\/wp-json\/wp\/v2\/media\/46597"}],"wp:attachment":[{"href":"https:\/\/imprimeideas.es\/en\/wp-json\/wp\/v2\/media?parent=45772"}],"wp:term":[{"taxonomy":"product_brand","embeddable":true,"href":"https:\/\/imprimeideas.es\/en\/wp-json\/wp\/v2\/product_brand?post=45772"},{"taxonomy":"product_cat","embeddable":true,"href":"https:\/\/imprimeideas.es\/en\/wp-json\/wp\/v2\/product_cat?post=45772"},{"taxonomy":"product_tag","embeddable":true,"href":"https:\/\/imprimeideas.es\/en\/wp-json\/wp\/v2\/product_tag?post=45772"}],"curies":[{"name":"wp","href":"https:\/\/api.w.org\/{rel}","templated":true}]}}