{"id":45767,"date":"2026-02-24T11:37:39","date_gmt":"2026-02-24T10:37:39","guid":{"rendered":"https:\/\/imprimeideas.es\/?post_type=product&p=45767"},"modified":"2026-02-26T18:08:08","modified_gmt":"2026-02-26T17:08:08","slug":"boligrafo-soporte-uplex","status":"publish","type":"product","link":"https:\/\/imprimeideas.es\/en\/product\/boligrafo-soporte-uplex\/","title":{"rendered":"Bol\u00edgrafo Soporte Uplex"},"content":{"rendered":"<p>Bol\u00edgrafo puntero de mecanismo pulsador, fabricado en resistente aluminio. Con soporte para dispositivo m\u00f3vil integrado en clip y suave cuerpo en variada gama de colores metalizados. En tinta azul y presentado individualmente en bolsa reciclada.<\/p>","protected":false},"excerpt":{"rendered":"<p>Bol\u00edgrafo puntero de mecanismo pulsador, fabricado en resistente aluminio. Con soporte para dispositivo m\u00f3vil integrado en clip y suave cuerpo<\/p>","protected":false},"featured_media":76438,"comment_status":"open","ping_status":"open","template":"","meta":{"inline_featured_image":false},"product_brand":[],"product_cat":[100],"product_tag":[],"class_list":{"0":"post-45767","1":"product","2":"type-product","3":"status-publish","4":"has-post-thumbnail","6":"product_cat-escritura","8":"first","9":"instock","10":"taxable","11":"shipping-taxable","12":"purchasable","13":"product-type-variable","14":"has-default-attributes"},"aioseo_notices":[],"_links":{"self":[{"href":"https:\/\/imprimeideas.es\/en\/wp-json\/wp\/v2\/product\/45767","targetHints":{"allow":["GET"]}}],"collection":[{"href":"https:\/\/imprimeideas.es\/en\/wp-json\/wp\/v2\/product"}],"about":[{"href":"https:\/\/imprimeideas.es\/en\/wp-json\/wp\/v2\/types\/product"}],"replies":[{"embeddable":true,"href":"https:\/\/imprimeideas.es\/en\/wp-json\/wp\/v2\/comments?post=45767"}],"version-history":[{"count":1,"href":"https:\/\/imprimeideas.es\/en\/wp-json\/wp\/v2\/product\/45767\/revisions"}],"predecessor-version":[{"id":55850,"href":"https:\/\/imprimeideas.es\/en\/wp-json\/wp\/v2\/product\/45767\/revisions\/55850"}],"wp:featuredmedia":[{"embeddable":true,"href":"https:\/\/imprimeideas.es\/en\/wp-json\/wp\/v2\/media\/76438"}],"wp:attachment":[{"href":"https:\/\/imprimeideas.es\/en\/wp-json\/wp\/v2\/media?parent=45767"}],"wp:term":[{"taxonomy":"product_brand","embeddable":true,"href":"https:\/\/imprimeideas.es\/en\/wp-json\/wp\/v2\/product_brand?post=45767"},{"taxonomy":"product_cat","embeddable":true,"href":"https:\/\/imprimeideas.es\/en\/wp-json\/wp\/v2\/product_cat?post=45767"},{"taxonomy":"product_tag","embeddable":true,"href":"https:\/\/imprimeideas.es\/en\/wp-json\/wp\/v2\/product_tag?post=45767"}],"curies":[{"name":"wp","href":"https:\/\/api.w.org\/{rel}","templated":true}]}}