{"id":45760,"date":"2026-02-24T11:37:38","date_gmt":"2026-02-24T10:37:38","guid":{"rendered":"https:\/\/imprimeideas.es\/?post_type=product&p=45760"},"modified":"2026-02-26T18:13:57","modified_gmt":"2026-02-26T17:13:57","slug":"boligrafo-vianox","status":"publish","type":"product","link":"https:\/\/imprimeideas.es\/en\/product\/boligrafo-vianox\/","title":{"rendered":"Bol\u00edgrafo Vianox"},"content":{"rendered":"<p>Bol\u00edgrafo de mecanismo pulsador en resistente ABS. Fabricado con una elegante combinaci\u00f3n de cuerpo en diversos y llamativos colores. Este bol\u00edgrafo cuenta con bot\u00f3n superior, clip y punta en acabado cromado. De tinta azul.<\/p>","protected":false},"excerpt":{"rendered":"<p>Bol\u00edgrafo de mecanismo pulsador en resistente ABS. Fabricado con una elegante combinaci\u00f3n de cuerpo en diversos y llamativos colores. Este<\/p>","protected":false},"featured_media":74515,"comment_status":"open","ping_status":"open","template":"","meta":{"inline_featured_image":false},"product_brand":[],"product_cat":[100],"product_tag":[],"class_list":{"0":"post-45760","1":"product","2":"type-product","3":"status-publish","4":"has-post-thumbnail","6":"product_cat-escritura","8":"first","9":"instock","10":"taxable","11":"shipping-taxable","12":"purchasable","13":"product-type-variable","14":"has-default-attributes"},"aioseo_notices":[],"_links":{"self":[{"href":"https:\/\/imprimeideas.es\/en\/wp-json\/wp\/v2\/product\/45760","targetHints":{"allow":["GET"]}}],"collection":[{"href":"https:\/\/imprimeideas.es\/en\/wp-json\/wp\/v2\/product"}],"about":[{"href":"https:\/\/imprimeideas.es\/en\/wp-json\/wp\/v2\/types\/product"}],"replies":[{"embeddable":true,"href":"https:\/\/imprimeideas.es\/en\/wp-json\/wp\/v2\/comments?post=45760"}],"version-history":[{"count":1,"href":"https:\/\/imprimeideas.es\/en\/wp-json\/wp\/v2\/product\/45760\/revisions"}],"predecessor-version":[{"id":55849,"href":"https:\/\/imprimeideas.es\/en\/wp-json\/wp\/v2\/product\/45760\/revisions\/55849"}],"wp:featuredmedia":[{"embeddable":true,"href":"https:\/\/imprimeideas.es\/en\/wp-json\/wp\/v2\/media\/74515"}],"wp:attachment":[{"href":"https:\/\/imprimeideas.es\/en\/wp-json\/wp\/v2\/media?parent=45760"}],"wp:term":[{"taxonomy":"product_brand","embeddable":true,"href":"https:\/\/imprimeideas.es\/en\/wp-json\/wp\/v2\/product_brand?post=45760"},{"taxonomy":"product_cat","embeddable":true,"href":"https:\/\/imprimeideas.es\/en\/wp-json\/wp\/v2\/product_cat?post=45760"},{"taxonomy":"product_tag","embeddable":true,"href":"https:\/\/imprimeideas.es\/en\/wp-json\/wp\/v2\/product_tag?post=45760"}],"curies":[{"name":"wp","href":"https:\/\/api.w.org\/{rel}","templated":true}]}}