{"id":45756,"date":"2026-02-24T11:37:38","date_gmt":"2026-02-24T10:37:38","guid":{"rendered":"https:\/\/imprimeideas.es\/?post_type=product&p=45756"},"modified":"2026-02-26T18:42:27","modified_gmt":"2026-02-26T17:42:27","slug":"mochila-tidol","status":"publish","type":"product","link":"https:\/\/imprimeideas.es\/en\/product\/mochila-tidol\/","title":{"rendered":"Mochila Tidol"},"content":{"rendered":"<p>Mochila confeccionada en elegante polipiel. De dise\u00f1o urbano que incluye un bolsillo central acolchado con doble cierre para tablet de hasta 10 pulgadas y port\u00e1til de hasta 15 pulgadas, as\u00ed como un bolsillo segundario. Adem\u00e1s, tiene un bolsillo frontal con cremallera y solapa protectora. Las cintas de hombros y la espalda son acolchadas, ajustables y cuentan con una tela transpirable. Incorpora un accesorio para ajustarse al trolley y una c\u00f3moda asa en la parte superior. Presentada en una bolsa individual reciclada.<\/p>","protected":false},"excerpt":{"rendered":"<p>Bolsillo Acolchado para Port\u00e1til y Tablet. Parte Trasera y Cintas Acolchadas<\/p>","protected":false},"featured_media":72695,"comment_status":"open","ping_status":"open","template":"","meta":{"inline_featured_image":false},"product_brand":[],"product_cat":[94],"product_tag":[],"class_list":{"0":"post-45756","1":"product","2":"type-product","3":"status-publish","4":"has-post-thumbnail","6":"product_cat-mochilas","8":"first","9":"instock","10":"taxable","11":"shipping-taxable","12":"purchasable","13":"product-type-variable","14":"has-default-attributes"},"aioseo_notices":[],"_links":{"self":[{"href":"https:\/\/imprimeideas.es\/en\/wp-json\/wp\/v2\/product\/45756","targetHints":{"allow":["GET"]}}],"collection":[{"href":"https:\/\/imprimeideas.es\/en\/wp-json\/wp\/v2\/product"}],"about":[{"href":"https:\/\/imprimeideas.es\/en\/wp-json\/wp\/v2\/types\/product"}],"replies":[{"embeddable":true,"href":"https:\/\/imprimeideas.es\/en\/wp-json\/wp\/v2\/comments?post=45756"}],"version-history":[{"count":1,"href":"https:\/\/imprimeideas.es\/en\/wp-json\/wp\/v2\/product\/45756\/revisions"}],"predecessor-version":[{"id":55847,"href":"https:\/\/imprimeideas.es\/en\/wp-json\/wp\/v2\/product\/45756\/revisions\/55847"}],"wp:featuredmedia":[{"embeddable":true,"href":"https:\/\/imprimeideas.es\/en\/wp-json\/wp\/v2\/media\/72695"}],"wp:attachment":[{"href":"https:\/\/imprimeideas.es\/en\/wp-json\/wp\/v2\/media?parent=45756"}],"wp:term":[{"taxonomy":"product_brand","embeddable":true,"href":"https:\/\/imprimeideas.es\/en\/wp-json\/wp\/v2\/product_brand?post=45756"},{"taxonomy":"product_cat","embeddable":true,"href":"https:\/\/imprimeideas.es\/en\/wp-json\/wp\/v2\/product_cat?post=45756"},{"taxonomy":"product_tag","embeddable":true,"href":"https:\/\/imprimeideas.es\/en\/wp-json\/wp\/v2\/product_tag?post=45756"}],"curies":[{"name":"wp","href":"https:\/\/api.w.org\/{rel}","templated":true}]}}