{"id":45744,"date":"2026-02-24T11:37:36","date_gmt":"2026-02-24T10:37:36","guid":{"rendered":"https:\/\/imprimeideas.es\/?post_type=product&p=45744"},"modified":"2026-02-26T18:33:08","modified_gmt":"2026-02-26T17:33:08","slug":"zapatillas-parisix","status":"publish","type":"product","link":"https:\/\/imprimeideas.es\/en\/product\/zapatillas-parisix\/","title":{"rendered":"Zapatillas Parisix"},"content":{"rendered":"<p>Elegancia y comodidad con las zapatillas blancas de poli\u00e9ster. Fabricadas con precisi\u00f3n en poli\u00e9ster de alta calidad, estas zapatillas combinan estilo y durabilidad. Las cordoneras a juego a\u00f1aden un toque \u00fanico a cada paso, adem\u00e1s de un ajuste perfecto. Disponibles en tallas que van desde la 36 hasta la 46. Estas zapatillas, ya sea para un paseo casual o un d\u00eda agitado, aportan confort y est\u00e1n a la moda.<\/p>","protected":false},"excerpt":{"rendered":"<p>Elegancia y comodidad con las zapatillas blancas de poli\u00e9ster. Fabricadas con precisi\u00f3n en poli\u00e9ster de alta calidad, estas zapatillas combinan<\/p>","protected":false},"featured_media":74775,"comment_status":"open","ping_status":"open","template":"","meta":{"inline_featured_image":false},"product_brand":[],"product_cat":[122,116],"product_tag":[],"class_list":{"0":"post-45744","1":"product","2":"type-product","3":"status-publish","4":"has-post-thumbnail","6":"product_cat-articulos-sostenibles","7":"product_cat-textil","9":"first","10":"instock","11":"taxable","12":"shipping-taxable","13":"purchasable","14":"product-type-variable","15":"has-default-attributes"},"aioseo_notices":[],"_links":{"self":[{"href":"https:\/\/imprimeideas.es\/en\/wp-json\/wp\/v2\/product\/45744","targetHints":{"allow":["GET"]}}],"collection":[{"href":"https:\/\/imprimeideas.es\/en\/wp-json\/wp\/v2\/product"}],"about":[{"href":"https:\/\/imprimeideas.es\/en\/wp-json\/wp\/v2\/types\/product"}],"replies":[{"embeddable":true,"href":"https:\/\/imprimeideas.es\/en\/wp-json\/wp\/v2\/comments?post=45744"}],"version-history":[{"count":1,"href":"https:\/\/imprimeideas.es\/en\/wp-json\/wp\/v2\/product\/45744\/revisions"}],"predecessor-version":[{"id":55846,"href":"https:\/\/imprimeideas.es\/en\/wp-json\/wp\/v2\/product\/45744\/revisions\/55846"}],"wp:featuredmedia":[{"embeddable":true,"href":"https:\/\/imprimeideas.es\/en\/wp-json\/wp\/v2\/media\/74775"}],"wp:attachment":[{"href":"https:\/\/imprimeideas.es\/en\/wp-json\/wp\/v2\/media?parent=45744"}],"wp:term":[{"taxonomy":"product_brand","embeddable":true,"href":"https:\/\/imprimeideas.es\/en\/wp-json\/wp\/v2\/product_brand?post=45744"},{"taxonomy":"product_cat","embeddable":true,"href":"https:\/\/imprimeideas.es\/en\/wp-json\/wp\/v2\/product_cat?post=45744"},{"taxonomy":"product_tag","embeddable":true,"href":"https:\/\/imprimeideas.es\/en\/wp-json\/wp\/v2\/product_tag?post=45744"}],"curies":[{"name":"wp","href":"https:\/\/api.w.org\/{rel}","templated":true}]}}