{"id":45713,"date":"2026-02-24T11:37:33","date_gmt":"2026-02-24T10:37:33","guid":{"rendered":"https:\/\/imprimeideas.es\/?post_type=product&p=45713"},"modified":"2026-02-26T18:33:05","modified_gmt":"2026-02-26T17:33:05","slug":"set-vinos-paluk","status":"publish","type":"product","link":"https:\/\/imprimeideas.es\/en\/product\/set-vinos-paluk\/","title":{"rendered":"Set Vinos Paluk"},"content":{"rendered":"<p>Original set de vinos ajedrez -piezas incluidas- acabado en bamb\u00fa natural. Con cierre de seguridad y accesorios de acero inox y bamb\u00fa. Incluye sacacorchos con cortac\u00e1psulas y abridor; tap\u00f3n, decantador y recogegotas. Presentado en estuche individual con interior en suave espuma troquelada.Materiales como el bamb\u00fa fomentan la utilizaci\u00f3n de materias primas naturales, reduciendo las emisiones contaminantes. Proviene de una planta de gran resistencia y versatilidad, con crecimiento y regeneraci\u00f3n r\u00e1pidos, siendo una excelente alternativa al uso de madera tradicional.<\/p>","protected":false},"excerpt":{"rendered":"<p>4 Accesorios<\/p>","protected":false},"featured_media":61761,"comment_status":"open","ping_status":"open","template":"","meta":{"inline_featured_image":false},"product_brand":[],"product_cat":[122,105],"product_tag":[],"class_list":{"0":"post-45713","1":"product","2":"type-product","3":"status-publish","4":"has-post-thumbnail","6":"product_cat-articulos-sostenibles","7":"product_cat-vino-accesorios-de-bebida-y-hosteleria","9":"first","10":"instock","11":"taxable","12":"shipping-taxable","13":"purchasable","14":"product-type-variable","15":"has-default-attributes"},"aioseo_notices":[],"_links":{"self":[{"href":"https:\/\/imprimeideas.es\/en\/wp-json\/wp\/v2\/product\/45713","targetHints":{"allow":["GET"]}}],"collection":[{"href":"https:\/\/imprimeideas.es\/en\/wp-json\/wp\/v2\/product"}],"about":[{"href":"https:\/\/imprimeideas.es\/en\/wp-json\/wp\/v2\/types\/product"}],"replies":[{"embeddable":true,"href":"https:\/\/imprimeideas.es\/en\/wp-json\/wp\/v2\/comments?post=45713"}],"version-history":[{"count":1,"href":"https:\/\/imprimeideas.es\/en\/wp-json\/wp\/v2\/product\/45713\/revisions"}],"predecessor-version":[{"id":55839,"href":"https:\/\/imprimeideas.es\/en\/wp-json\/wp\/v2\/product\/45713\/revisions\/55839"}],"wp:featuredmedia":[{"embeddable":true,"href":"https:\/\/imprimeideas.es\/en\/wp-json\/wp\/v2\/media\/61761"}],"wp:attachment":[{"href":"https:\/\/imprimeideas.es\/en\/wp-json\/wp\/v2\/media?parent=45713"}],"wp:term":[{"taxonomy":"product_brand","embeddable":true,"href":"https:\/\/imprimeideas.es\/en\/wp-json\/wp\/v2\/product_brand?post=45713"},{"taxonomy":"product_cat","embeddable":true,"href":"https:\/\/imprimeideas.es\/en\/wp-json\/wp\/v2\/product_cat?post=45713"},{"taxonomy":"product_tag","embeddable":true,"href":"https:\/\/imprimeideas.es\/en\/wp-json\/wp\/v2\/product_tag?post=45713"}],"curies":[{"name":"wp","href":"https:\/\/api.w.org\/{rel}","templated":true}]}}