{"id":45711,"date":"2026-02-24T11:37:32","date_gmt":"2026-02-24T10:37:32","guid":{"rendered":"https:\/\/imprimeideas.es\/?post_type=product&p=45711"},"modified":"2026-02-26T18:03:04","modified_gmt":"2026-02-26T17:03:04","slug":"set-vinos-y-quesos-sondrex","status":"publish","type":"product","link":"https:\/\/imprimeideas.es\/en\/product\/set-vinos-y-quesos-sondrex\/","title":{"rendered":"Set Vinos y Quesos Sondrex"},"content":{"rendered":"<p>Set de quesos y vino con accesorios fabricados en resistente acero inox, con mango en bamb\u00fa. Accesorios presentados en un original estuche de cart\u00f3n corrugado, con interior troquelado para cada uno. Incluye utensilios para quesos duros, blandos y troceados; y un abridor de dos tiempos con cuchilla cortac\u00e1psulas.Materiales como el bamb\u00fa fomentan la utilizaci\u00f3n de materias primas naturales, reduciendo las emisiones contaminantes. Proviene de una planta de gran resistencia y versatilidad, con crecimiento y regeneraci\u00f3n r\u00e1pidos, siendo una excelente alternativa al uso de madera tradicional.<\/p>","protected":false},"excerpt":{"rendered":"<p>4 Accesorios<\/p>","protected":false},"featured_media":71941,"comment_status":"open","ping_status":"open","template":"","meta":{"inline_featured_image":false},"product_brand":[],"product_cat":[122,104],"product_tag":[],"class_list":{"0":"post-45711","1":"product","2":"type-product","3":"status-publish","4":"has-post-thumbnail","6":"product_cat-articulos-sostenibles","7":"product_cat-hogar-y-decoracion","9":"first","10":"instock","11":"taxable","12":"shipping-taxable","13":"purchasable","14":"product-type-variable","15":"has-default-attributes"},"aioseo_notices":[],"_links":{"self":[{"href":"https:\/\/imprimeideas.es\/en\/wp-json\/wp\/v2\/product\/45711","targetHints":{"allow":["GET"]}}],"collection":[{"href":"https:\/\/imprimeideas.es\/en\/wp-json\/wp\/v2\/product"}],"about":[{"href":"https:\/\/imprimeideas.es\/en\/wp-json\/wp\/v2\/types\/product"}],"replies":[{"embeddable":true,"href":"https:\/\/imprimeideas.es\/en\/wp-json\/wp\/v2\/comments?post=45711"}],"version-history":[{"count":1,"href":"https:\/\/imprimeideas.es\/en\/wp-json\/wp\/v2\/product\/45711\/revisions"}],"predecessor-version":[{"id":55838,"href":"https:\/\/imprimeideas.es\/en\/wp-json\/wp\/v2\/product\/45711\/revisions\/55838"}],"wp:featuredmedia":[{"embeddable":true,"href":"https:\/\/imprimeideas.es\/en\/wp-json\/wp\/v2\/media\/71941"}],"wp:attachment":[{"href":"https:\/\/imprimeideas.es\/en\/wp-json\/wp\/v2\/media?parent=45711"}],"wp:term":[{"taxonomy":"product_brand","embeddable":true,"href":"https:\/\/imprimeideas.es\/en\/wp-json\/wp\/v2\/product_brand?post=45711"},{"taxonomy":"product_cat","embeddable":true,"href":"https:\/\/imprimeideas.es\/en\/wp-json\/wp\/v2\/product_cat?post=45711"},{"taxonomy":"product_tag","embeddable":true,"href":"https:\/\/imprimeideas.es\/en\/wp-json\/wp\/v2\/product_tag?post=45711"}],"curies":[{"name":"wp","href":"https:\/\/api.w.org\/{rel}","templated":true}]}}