{"id":45700,"date":"2026-02-24T11:37:31","date_gmt":"2026-02-24T10:37:31","guid":{"rendered":"https:\/\/imprimeideas.es\/?post_type=product&p=45700"},"modified":"2026-02-26T18:28:08","modified_gmt":"2026-02-26T17:28:08","slug":"chanclas-manisok","status":"publish","type":"product","link":"https:\/\/imprimeideas.es\/en\/product\/chanclas-manisok\/","title":{"rendered":"Chanclas Manisok"},"content":{"rendered":"<p>Par de chanclas fabricadas en EVA y PVC. Suela hecha de resistente EVA para una alta durabilidad, con atractivo dise\u00f1o bicolor, y tiras ergon\u00f3micas fabricadas en PVC a juego. Disponibles en una variada gama de colores vibrantes con dise\u00f1o en blanco adapt\u00e1ndose a cualquier estilo. Tallas 36-38 y 42-44. Cada par presentado en bolsa reciclada.<\/p>","protected":false},"excerpt":{"rendered":"<p>Tallas: 36-38, 42-44<\/p>","protected":false},"featured_media":85767,"comment_status":"open","ping_status":"open","template":"","meta":{"inline_featured_image":false},"product_brand":[],"product_cat":[114],"product_tag":[],"class_list":{"0":"post-45700","1":"product","2":"type-product","3":"status-publish","4":"has-post-thumbnail","6":"product_cat-verano-y-playa","8":"first","9":"instock","10":"taxable","11":"shipping-taxable","12":"purchasable","13":"product-type-variable","14":"has-default-attributes"},"aioseo_notices":[],"_links":{"self":[{"href":"https:\/\/imprimeideas.es\/en\/wp-json\/wp\/v2\/product\/45700","targetHints":{"allow":["GET"]}}],"collection":[{"href":"https:\/\/imprimeideas.es\/en\/wp-json\/wp\/v2\/product"}],"about":[{"href":"https:\/\/imprimeideas.es\/en\/wp-json\/wp\/v2\/types\/product"}],"replies":[{"embeddable":true,"href":"https:\/\/imprimeideas.es\/en\/wp-json\/wp\/v2\/comments?post=45700"}],"version-history":[{"count":1,"href":"https:\/\/imprimeideas.es\/en\/wp-json\/wp\/v2\/product\/45700\/revisions"}],"predecessor-version":[{"id":55837,"href":"https:\/\/imprimeideas.es\/en\/wp-json\/wp\/v2\/product\/45700\/revisions\/55837"}],"wp:featuredmedia":[{"embeddable":true,"href":"https:\/\/imprimeideas.es\/en\/wp-json\/wp\/v2\/media\/85767"}],"wp:attachment":[{"href":"https:\/\/imprimeideas.es\/en\/wp-json\/wp\/v2\/media?parent=45700"}],"wp:term":[{"taxonomy":"product_brand","embeddable":true,"href":"https:\/\/imprimeideas.es\/en\/wp-json\/wp\/v2\/product_brand?post=45700"},{"taxonomy":"product_cat","embeddable":true,"href":"https:\/\/imprimeideas.es\/en\/wp-json\/wp\/v2\/product_cat?post=45700"},{"taxonomy":"product_tag","embeddable":true,"href":"https:\/\/imprimeideas.es\/en\/wp-json\/wp\/v2\/product_tag?post=45700"}],"curies":[{"name":"wp","href":"https:\/\/api.w.org\/{rel}","templated":true}]}}