{"id":45655,"date":"2026-02-24T11:37:26","date_gmt":"2026-02-24T10:37:26","guid":{"rendered":"https:\/\/imprimeideas.es\/?post_type=product&p=45655"},"modified":"2026-02-26T18:08:17","modified_gmt":"2026-02-26T17:08:17","slug":"mochila-turmon","status":"publish","type":"product","link":"https:\/\/imprimeideas.es\/en\/product\/mochila-turmon\/","title":{"rendered":"Mochila Turmon"},"content":{"rendered":"<p>Mochila fabricada en resistente 600D RPET. El bolsillo principal se cierra con cord\u00f3n y cuenta con una solapa con doble cierre, mientras que el bolsillo frontal tiene una solapa con cierre de velcro. Las cintas para los hombros son acolchadas y ajustables. Est\u00e1 disponible en varios colores y se presenta de manera individual en una bolsa reciclada. Logotipo RPET en etiqueta exterior.El material RPET se elabora a partir de pl\u00e1stico reciclado, para as\u00ed fomentar la reutilizaci\u00f3n de residuos pl\u00e1sticos y ayudar a la sostenibilidad del planeta.<\/p>","protected":false},"excerpt":{"rendered":"<p>Bolsillo Acolchado para Port\u00e1til. Parte Trasera y Cintas Acolchadas<\/p>","protected":false},"featured_media":76570,"comment_status":"open","ping_status":"open","template":"","meta":{"inline_featured_image":false},"product_brand":[],"product_cat":[122,94],"product_tag":[],"class_list":{"0":"post-45655","1":"product","2":"type-product","3":"status-publish","4":"has-post-thumbnail","6":"product_cat-articulos-sostenibles","7":"product_cat-mochilas","9":"first","10":"instock","11":"taxable","12":"shipping-taxable","13":"purchasable","14":"product-type-variable","15":"has-default-attributes"},"aioseo_notices":[],"_links":{"self":[{"href":"https:\/\/imprimeideas.es\/en\/wp-json\/wp\/v2\/product\/45655","targetHints":{"allow":["GET"]}}],"collection":[{"href":"https:\/\/imprimeideas.es\/en\/wp-json\/wp\/v2\/product"}],"about":[{"href":"https:\/\/imprimeideas.es\/en\/wp-json\/wp\/v2\/types\/product"}],"replies":[{"embeddable":true,"href":"https:\/\/imprimeideas.es\/en\/wp-json\/wp\/v2\/comments?post=45655"}],"version-history":[{"count":1,"href":"https:\/\/imprimeideas.es\/en\/wp-json\/wp\/v2\/product\/45655\/revisions"}],"predecessor-version":[{"id":55834,"href":"https:\/\/imprimeideas.es\/en\/wp-json\/wp\/v2\/product\/45655\/revisions\/55834"}],"wp:featuredmedia":[{"embeddable":true,"href":"https:\/\/imprimeideas.es\/en\/wp-json\/wp\/v2\/media\/76570"}],"wp:attachment":[{"href":"https:\/\/imprimeideas.es\/en\/wp-json\/wp\/v2\/media?parent=45655"}],"wp:term":[{"taxonomy":"product_brand","embeddable":true,"href":"https:\/\/imprimeideas.es\/en\/wp-json\/wp\/v2\/product_brand?post=45655"},{"taxonomy":"product_cat","embeddable":true,"href":"https:\/\/imprimeideas.es\/en\/wp-json\/wp\/v2\/product_cat?post=45655"},{"taxonomy":"product_tag","embeddable":true,"href":"https:\/\/imprimeideas.es\/en\/wp-json\/wp\/v2\/product_tag?post=45655"}],"curies":[{"name":"wp","href":"https:\/\/api.w.org\/{rel}","templated":true}]}}