{"id":45639,"date":"2026-02-24T11:37:24","date_gmt":"2026-02-24T10:37:24","guid":{"rendered":"https:\/\/imprimeideas.es\/?post_type=product&p=45639"},"modified":"2026-02-26T18:19:07","modified_gmt":"2026-02-26T17:19:07","slug":"set-durcax","status":"publish","type":"product","link":"https:\/\/imprimeideas.es\/en\/product\/set-durcax\/","title":{"rendered":"Set Durcax"},"content":{"rendered":"<p>Set de 6 l\u00e1pices de madera acabada en color negro, con cuerpo hexagonal y minas en varios colores. Presentados en estuche cil\u00edndrico de cart\u00f3n reciclado negro, con capucha transparente a juego y sacapuntas integrado.<\/p>","protected":false},"excerpt":{"rendered":"<p>7 Piezas<\/p>","protected":false},"featured_media":75201,"comment_status":"open","ping_status":"open","template":"","meta":{"inline_featured_image":false},"product_brand":[],"product_cat":[122,100,108],"product_tag":[],"class_list":{"0":"post-45639","1":"product","2":"type-product","3":"status-publish","4":"has-post-thumbnail","6":"product_cat-articulos-sostenibles","7":"product_cat-escritura","8":"product_cat-infantil","10":"first","11":"instock","12":"taxable","13":"shipping-taxable","14":"purchasable","15":"product-type-variable","16":"has-default-attributes"},"aioseo_notices":[],"_links":{"self":[{"href":"https:\/\/imprimeideas.es\/en\/wp-json\/wp\/v2\/product\/45639","targetHints":{"allow":["GET"]}}],"collection":[{"href":"https:\/\/imprimeideas.es\/en\/wp-json\/wp\/v2\/product"}],"about":[{"href":"https:\/\/imprimeideas.es\/en\/wp-json\/wp\/v2\/types\/product"}],"replies":[{"embeddable":true,"href":"https:\/\/imprimeideas.es\/en\/wp-json\/wp\/v2\/comments?post=45639"}],"version-history":[{"count":1,"href":"https:\/\/imprimeideas.es\/en\/wp-json\/wp\/v2\/product\/45639\/revisions"}],"predecessor-version":[{"id":55829,"href":"https:\/\/imprimeideas.es\/en\/wp-json\/wp\/v2\/product\/45639\/revisions\/55829"}],"wp:featuredmedia":[{"embeddable":true,"href":"https:\/\/imprimeideas.es\/en\/wp-json\/wp\/v2\/media\/75201"}],"wp:attachment":[{"href":"https:\/\/imprimeideas.es\/en\/wp-json\/wp\/v2\/media?parent=45639"}],"wp:term":[{"taxonomy":"product_brand","embeddable":true,"href":"https:\/\/imprimeideas.es\/en\/wp-json\/wp\/v2\/product_brand?post=45639"},{"taxonomy":"product_cat","embeddable":true,"href":"https:\/\/imprimeideas.es\/en\/wp-json\/wp\/v2\/product_cat?post=45639"},{"taxonomy":"product_tag","embeddable":true,"href":"https:\/\/imprimeideas.es\/en\/wp-json\/wp\/v2\/product_tag?post=45639"}],"curies":[{"name":"wp","href":"https:\/\/api.w.org\/{rel}","templated":true}]}}