{"id":45626,"date":"2026-02-24T11:37:22","date_gmt":"2026-02-24T10:37:22","guid":{"rendered":"https:\/\/imprimeideas.es\/?post_type=product&p=45626"},"modified":"2026-02-26T18:23:23","modified_gmt":"2026-02-26T17:23:23","slug":"portaminas-hadobex","status":"publish","type":"product","link":"https:\/\/imprimeideas.es\/en\/product\/portaminas-hadobex\/","title":{"rendered":"Portaminas Hadobex"},"content":{"rendered":"<p>Elegante portaminas hecho en resistente ABS. Cuerpo en color gris transl\u00facido y empu\u00f1adura a juego de tacto rugoso para un mejor agarre, con elementos cromados como bot\u00f3n, clip y punta. Con goma y minas incluidas de 0,7 mm.<\/p>","protected":false},"excerpt":{"rendered":"<p>Minas 0,7 mm Incluidas<\/p>","protected":false},"featured_media":85561,"comment_status":"open","ping_status":"open","template":"","meta":{"inline_featured_image":false},"product_brand":[],"product_cat":[100],"product_tag":[],"class_list":{"0":"post-45626","1":"product","2":"type-product","3":"status-publish","4":"has-post-thumbnail","6":"product_cat-escritura","8":"first","9":"instock","10":"taxable","11":"shipping-taxable","12":"purchasable","13":"product-type-variable","14":"has-default-attributes"},"aioseo_notices":[],"_links":{"self":[{"href":"https:\/\/imprimeideas.es\/en\/wp-json\/wp\/v2\/product\/45626","targetHints":{"allow":["GET"]}}],"collection":[{"href":"https:\/\/imprimeideas.es\/en\/wp-json\/wp\/v2\/product"}],"about":[{"href":"https:\/\/imprimeideas.es\/en\/wp-json\/wp\/v2\/types\/product"}],"replies":[{"embeddable":true,"href":"https:\/\/imprimeideas.es\/en\/wp-json\/wp\/v2\/comments?post=45626"}],"version-history":[{"count":1,"href":"https:\/\/imprimeideas.es\/en\/wp-json\/wp\/v2\/product\/45626\/revisions"}],"predecessor-version":[{"id":55826,"href":"https:\/\/imprimeideas.es\/en\/wp-json\/wp\/v2\/product\/45626\/revisions\/55826"}],"wp:featuredmedia":[{"embeddable":true,"href":"https:\/\/imprimeideas.es\/en\/wp-json\/wp\/v2\/media\/85561"}],"wp:attachment":[{"href":"https:\/\/imprimeideas.es\/en\/wp-json\/wp\/v2\/media?parent=45626"}],"wp:term":[{"taxonomy":"product_brand","embeddable":true,"href":"https:\/\/imprimeideas.es\/en\/wp-json\/wp\/v2\/product_brand?post=45626"},{"taxonomy":"product_cat","embeddable":true,"href":"https:\/\/imprimeideas.es\/en\/wp-json\/wp\/v2\/product_cat?post=45626"},{"taxonomy":"product_tag","embeddable":true,"href":"https:\/\/imprimeideas.es\/en\/wp-json\/wp\/v2\/product_tag?post=45626"}],"curies":[{"name":"wp","href":"https:\/\/api.w.org\/{rel}","templated":true}]}}