{"id":45624,"date":"2026-02-24T11:37:22","date_gmt":"2026-02-24T10:37:22","guid":{"rendered":"https:\/\/imprimeideas.es\/?post_type=product&p=45624"},"modified":"2026-02-26T18:37:32","modified_gmt":"2026-02-26T17:37:32","slug":"boligrafo-kiviuk","status":"publish","type":"product","link":"https:\/\/imprimeideas.es\/en\/product\/boligrafo-kiviuk\/","title":{"rendered":"Bol\u00edgrafo Kiviuk"},"content":{"rendered":"<p>Bol\u00edgrafo con 8 variados colores de escritura en ABS. Este instrumento de escritura ofrece una variada paleta de colores en un solo bol\u00edgrafo, con una selecci\u00f3n de 8 colores diferentes adapt\u00e1ndose a cualquier tarea. Su dise\u00f1o ergon\u00f3mico y funcionalidad hace que se pueda seleccionar f\u00e1cilmente cada opci\u00f3n con sus pulsadores en la parte superior. Ideado con la ca\u00f1a de color blanco y accesorios y clip de color transparente.<\/p>","protected":false},"excerpt":{"rendered":"<p>Escritura 8 Colores<\/p>","protected":false},"featured_media":84211,"comment_status":"open","ping_status":"open","template":"","meta":{"inline_featured_image":false},"product_brand":[],"product_cat":[100],"product_tag":[],"class_list":{"0":"post-45624","1":"product","2":"type-product","3":"status-publish","4":"has-post-thumbnail","6":"product_cat-escritura","8":"first","9":"instock","10":"taxable","11":"shipping-taxable","12":"purchasable","13":"product-type-variable","14":"has-default-attributes"},"aioseo_notices":[],"_links":{"self":[{"href":"https:\/\/imprimeideas.es\/en\/wp-json\/wp\/v2\/product\/45624","targetHints":{"allow":["GET"]}}],"collection":[{"href":"https:\/\/imprimeideas.es\/en\/wp-json\/wp\/v2\/product"}],"about":[{"href":"https:\/\/imprimeideas.es\/en\/wp-json\/wp\/v2\/types\/product"}],"replies":[{"embeddable":true,"href":"https:\/\/imprimeideas.es\/en\/wp-json\/wp\/v2\/comments?post=45624"}],"version-history":[{"count":1,"href":"https:\/\/imprimeideas.es\/en\/wp-json\/wp\/v2\/product\/45624\/revisions"}],"predecessor-version":[{"id":55825,"href":"https:\/\/imprimeideas.es\/en\/wp-json\/wp\/v2\/product\/45624\/revisions\/55825"}],"wp:featuredmedia":[{"embeddable":true,"href":"https:\/\/imprimeideas.es\/en\/wp-json\/wp\/v2\/media\/84211"}],"wp:attachment":[{"href":"https:\/\/imprimeideas.es\/en\/wp-json\/wp\/v2\/media?parent=45624"}],"wp:term":[{"taxonomy":"product_brand","embeddable":true,"href":"https:\/\/imprimeideas.es\/en\/wp-json\/wp\/v2\/product_brand?post=45624"},{"taxonomy":"product_cat","embeddable":true,"href":"https:\/\/imprimeideas.es\/en\/wp-json\/wp\/v2\/product_cat?post=45624"},{"taxonomy":"product_tag","embeddable":true,"href":"https:\/\/imprimeideas.es\/en\/wp-json\/wp\/v2\/product_tag?post=45624"}],"curies":[{"name":"wp","href":"https:\/\/api.w.org\/{rel}","templated":true}]}}