{"id":45614,"date":"2026-02-24T11:37:21","date_gmt":"2026-02-24T10:37:21","guid":{"rendered":"https:\/\/imprimeideas.es\/?post_type=product&p=45614"},"modified":"2026-02-26T18:13:38","modified_gmt":"2026-02-26T17:13:38","slug":"boligrafo-xylander","status":"publish","type":"product","link":"https:\/\/imprimeideas.es\/en\/product\/boligrafo-xylander\/","title":{"rendered":"Bol\u00edgrafo Xylander"},"content":{"rendered":"<p>Bol\u00edgrafo de mecanismo pulsador en resistente ABS. Fabricado en elegante combinaci\u00f3n de ca\u00f1a y clip de tono blanco. Con pulsador y empu\u00f1adura disponibles en una vibrante variedad de colores. En tinta azul.<\/p>","protected":false},"excerpt":{"rendered":"<p>Bol\u00edgrafo de mecanismo pulsador en resistente ABS. Fabricado en elegante combinaci\u00f3n de ca\u00f1a y clip de tono blanco. Con pulsador<\/p>","protected":false},"featured_media":79959,"comment_status":"open","ping_status":"open","template":"","meta":{"inline_featured_image":false},"product_brand":[],"product_cat":[100],"product_tag":[],"class_list":{"0":"post-45614","1":"product","2":"type-product","3":"status-publish","4":"has-post-thumbnail","6":"product_cat-escritura","8":"first","9":"instock","10":"taxable","11":"shipping-taxable","12":"purchasable","13":"product-type-variable","14":"has-default-attributes"},"aioseo_notices":[],"_links":{"self":[{"href":"https:\/\/imprimeideas.es\/en\/wp-json\/wp\/v2\/product\/45614","targetHints":{"allow":["GET"]}}],"collection":[{"href":"https:\/\/imprimeideas.es\/en\/wp-json\/wp\/v2\/product"}],"about":[{"href":"https:\/\/imprimeideas.es\/en\/wp-json\/wp\/v2\/types\/product"}],"replies":[{"embeddable":true,"href":"https:\/\/imprimeideas.es\/en\/wp-json\/wp\/v2\/comments?post=45614"}],"version-history":[{"count":1,"href":"https:\/\/imprimeideas.es\/en\/wp-json\/wp\/v2\/product\/45614\/revisions"}],"predecessor-version":[{"id":55824,"href":"https:\/\/imprimeideas.es\/en\/wp-json\/wp\/v2\/product\/45614\/revisions\/55824"}],"wp:featuredmedia":[{"embeddable":true,"href":"https:\/\/imprimeideas.es\/en\/wp-json\/wp\/v2\/media\/79959"}],"wp:attachment":[{"href":"https:\/\/imprimeideas.es\/en\/wp-json\/wp\/v2\/media?parent=45614"}],"wp:term":[{"taxonomy":"product_brand","embeddable":true,"href":"https:\/\/imprimeideas.es\/en\/wp-json\/wp\/v2\/product_brand?post=45614"},{"taxonomy":"product_cat","embeddable":true,"href":"https:\/\/imprimeideas.es\/en\/wp-json\/wp\/v2\/product_cat?post=45614"},{"taxonomy":"product_tag","embeddable":true,"href":"https:\/\/imprimeideas.es\/en\/wp-json\/wp\/v2\/product_tag?post=45614"}],"curies":[{"name":"wp","href":"https:\/\/api.w.org\/{rel}","templated":true}]}}