{"id":45609,"date":"2026-02-24T11:37:20","date_gmt":"2026-02-24T10:37:20","guid":{"rendered":"https:\/\/imprimeideas.es\/?post_type=product&p=45609"},"modified":"2026-02-26T18:32:58","modified_gmt":"2026-02-26T17:32:58","slug":"boligrafo-piklam","status":"publish","type":"product","link":"https:\/\/imprimeideas.es\/en\/product\/boligrafo-piklam\/","title":{"rendered":"Bol\u00edgrafo Piklam"},"content":{"rendered":"<p>Bol\u00edgrafo de mecanismo pulsador con cuerpo de acabado s\u00f3lido en color negro y detalle superior en variada gama de colores. Clip met\u00e1lico en color negro con detalle en bamb\u00fa. Especialmente dise\u00f1ado para marcaje en l\u00e1ser y con un recubrimiento exterior especial para que tu publicidad quede perfectamente grabada y a juego. En tinta azul. Presentado en bolsa individual reciclada.Materiales como el bamb\u00fa fomentan la utilizaci\u00f3n de materias primas naturales, reduciendo las emisiones contaminantes. Proviene de una planta de gran resistencia y versatilidad, con crecimiento y regeneraci\u00f3n r\u00e1pidos, siendo una excelente alternativa al uso de madera tradicional.<\/p>","protected":false},"excerpt":{"rendered":"<p>Bol\u00edgrafo de mecanismo pulsador con cuerpo de acabado s\u00f3lido en color negro y detalle superior en variada gama de colores.<\/p>","protected":false},"featured_media":70984,"comment_status":"open","ping_status":"open","template":"","meta":{"inline_featured_image":false},"product_brand":[],"product_cat":[122,100],"product_tag":[],"class_list":{"0":"post-45609","1":"product","2":"type-product","3":"status-publish","4":"has-post-thumbnail","6":"product_cat-articulos-sostenibles","7":"product_cat-escritura","9":"first","10":"instock","11":"taxable","12":"shipping-taxable","13":"purchasable","14":"product-type-variable","15":"has-default-attributes"},"aioseo_notices":[],"_links":{"self":[{"href":"https:\/\/imprimeideas.es\/en\/wp-json\/wp\/v2\/product\/45609","targetHints":{"allow":["GET"]}}],"collection":[{"href":"https:\/\/imprimeideas.es\/en\/wp-json\/wp\/v2\/product"}],"about":[{"href":"https:\/\/imprimeideas.es\/en\/wp-json\/wp\/v2\/types\/product"}],"replies":[{"embeddable":true,"href":"https:\/\/imprimeideas.es\/en\/wp-json\/wp\/v2\/comments?post=45609"}],"version-history":[{"count":1,"href":"https:\/\/imprimeideas.es\/en\/wp-json\/wp\/v2\/product\/45609\/revisions"}],"predecessor-version":[{"id":55823,"href":"https:\/\/imprimeideas.es\/en\/wp-json\/wp\/v2\/product\/45609\/revisions\/55823"}],"wp:featuredmedia":[{"embeddable":true,"href":"https:\/\/imprimeideas.es\/en\/wp-json\/wp\/v2\/media\/70984"}],"wp:attachment":[{"href":"https:\/\/imprimeideas.es\/en\/wp-json\/wp\/v2\/media?parent=45609"}],"wp:term":[{"taxonomy":"product_brand","embeddable":true,"href":"https:\/\/imprimeideas.es\/en\/wp-json\/wp\/v2\/product_brand?post=45609"},{"taxonomy":"product_cat","embeddable":true,"href":"https:\/\/imprimeideas.es\/en\/wp-json\/wp\/v2\/product_cat?post=45609"},{"taxonomy":"product_tag","embeddable":true,"href":"https:\/\/imprimeideas.es\/en\/wp-json\/wp\/v2\/product_tag?post=45609"}],"curies":[{"name":"wp","href":"https:\/\/api.w.org\/{rel}","templated":true}]}}