{"id":45596,"date":"2026-02-24T11:37:18","date_gmt":"2026-02-24T10:37:18","guid":{"rendered":"https:\/\/imprimeideas.es\/?post_type=product&p=45596"},"modified":"2026-02-26T18:32:52","modified_gmt":"2026-02-26T17:32:52","slug":"boligrafo-puntero-filipo","status":"publish","type":"product","link":"https:\/\/imprimeideas.es\/en\/product\/boligrafo-puntero-filipo\/","title":{"rendered":"Bol\u00edgrafo Puntero Filipo"},"content":{"rendered":"<p>Bol\u00edgrafo puntero con cuerpo en bamb\u00fa y papel reciclado. Ca\u00f1a fabricada en suave bamb\u00fa con empu\u00f1adura hecha en cart\u00f3n reciclado con textura y en variados colores. En la parte superior tiene un puntero negro. Clip met\u00e1lico y accesorios en cromado. De mecanismo pulsador y en tinta azul.Elaborado con elementos vegetales para as\u00ed fomentar la utilizaci\u00f3n de materias primas naturales y reducir las emisiones contaminantes.<\/p>","protected":false},"excerpt":{"rendered":"<p>Bol\u00edgrafo puntero con cuerpo en bamb\u00fa y papel reciclado. Ca\u00f1a fabricada en suave bamb\u00fa con empu\u00f1adura hecha en cart\u00f3n reciclado<\/p>","protected":false},"featured_media":77450,"comment_status":"open","ping_status":"open","template":"","meta":{"inline_featured_image":false},"product_brand":[],"product_cat":[122,100],"product_tag":[],"class_list":{"0":"post-45596","1":"product","2":"type-product","3":"status-publish","4":"has-post-thumbnail","6":"product_cat-articulos-sostenibles","7":"product_cat-escritura","9":"first","10":"instock","11":"taxable","12":"shipping-taxable","13":"purchasable","14":"product-type-variable","15":"has-default-attributes"},"aioseo_notices":[],"_links":{"self":[{"href":"https:\/\/imprimeideas.es\/en\/wp-json\/wp\/v2\/product\/45596","targetHints":{"allow":["GET"]}}],"collection":[{"href":"https:\/\/imprimeideas.es\/en\/wp-json\/wp\/v2\/product"}],"about":[{"href":"https:\/\/imprimeideas.es\/en\/wp-json\/wp\/v2\/types\/product"}],"replies":[{"embeddable":true,"href":"https:\/\/imprimeideas.es\/en\/wp-json\/wp\/v2\/comments?post=45596"}],"version-history":[{"count":1,"href":"https:\/\/imprimeideas.es\/en\/wp-json\/wp\/v2\/product\/45596\/revisions"}],"predecessor-version":[{"id":55821,"href":"https:\/\/imprimeideas.es\/en\/wp-json\/wp\/v2\/product\/45596\/revisions\/55821"}],"wp:featuredmedia":[{"embeddable":true,"href":"https:\/\/imprimeideas.es\/en\/wp-json\/wp\/v2\/media\/77450"}],"wp:attachment":[{"href":"https:\/\/imprimeideas.es\/en\/wp-json\/wp\/v2\/media?parent=45596"}],"wp:term":[{"taxonomy":"product_brand","embeddable":true,"href":"https:\/\/imprimeideas.es\/en\/wp-json\/wp\/v2\/product_brand?post=45596"},{"taxonomy":"product_cat","embeddable":true,"href":"https:\/\/imprimeideas.es\/en\/wp-json\/wp\/v2\/product_cat?post=45596"},{"taxonomy":"product_tag","embeddable":true,"href":"https:\/\/imprimeideas.es\/en\/wp-json\/wp\/v2\/product_tag?post=45596"}],"curies":[{"name":"wp","href":"https:\/\/api.w.org\/{rel}","templated":true}]}}