{"id":45558,"date":"2026-02-24T11:37:14","date_gmt":"2026-02-24T10:37:14","guid":{"rendered":"https:\/\/imprimeideas.es\/?post_type=product&p=45558"},"modified":"2026-02-26T18:33:08","modified_gmt":"2026-02-26T17:33:08","slug":"llavero-veterson","status":"publish","type":"product","link":"https:\/\/imprimeideas.es\/en\/product\/llavero-veterson\/","title":{"rendered":"Llavero Veterson"},"content":{"rendered":"<p>Llavero eco fabricado en bamb\u00fa con marco en ca\u00f1a de trigo. De forma rectangular y con amplia zona de marcaje. La ca\u00f1a de trigo fomenta la utilizaci\u00f3n de materias primas naturales, reduciendo as\u00ed las emisiones contaminantes.<\/p>","protected":false},"excerpt":{"rendered":"<p>Llavero eco fabricado en bamb\u00fa con marco en ca\u00f1a de trigo. De forma rectangular y con amplia zona de marcaje.<\/p>","protected":false},"featured_media":46131,"comment_status":"open","ping_status":"open","template":"","meta":{"inline_featured_image":false},"product_brand":[],"product_cat":[122,106],"product_tag":[],"class_list":{"0":"post-45558","1":"product","2":"type-product","3":"status-publish","4":"has-post-thumbnail","6":"product_cat-articulos-sostenibles","7":"product_cat-regalos-y-premiums","9":"first","10":"instock","11":"taxable","12":"shipping-taxable","13":"purchasable","14":"product-type-variable","15":"has-default-attributes"},"aioseo_notices":[],"_links":{"self":[{"href":"https:\/\/imprimeideas.es\/en\/wp-json\/wp\/v2\/product\/45558","targetHints":{"allow":["GET"]}}],"collection":[{"href":"https:\/\/imprimeideas.es\/en\/wp-json\/wp\/v2\/product"}],"about":[{"href":"https:\/\/imprimeideas.es\/en\/wp-json\/wp\/v2\/types\/product"}],"replies":[{"embeddable":true,"href":"https:\/\/imprimeideas.es\/en\/wp-json\/wp\/v2\/comments?post=45558"}],"version-history":[{"count":1,"href":"https:\/\/imprimeideas.es\/en\/wp-json\/wp\/v2\/product\/45558\/revisions"}],"predecessor-version":[{"id":55814,"href":"https:\/\/imprimeideas.es\/en\/wp-json\/wp\/v2\/product\/45558\/revisions\/55814"}],"wp:featuredmedia":[{"embeddable":true,"href":"https:\/\/imprimeideas.es\/en\/wp-json\/wp\/v2\/media\/46131"}],"wp:attachment":[{"href":"https:\/\/imprimeideas.es\/en\/wp-json\/wp\/v2\/media?parent=45558"}],"wp:term":[{"taxonomy":"product_brand","embeddable":true,"href":"https:\/\/imprimeideas.es\/en\/wp-json\/wp\/v2\/product_brand?post=45558"},{"taxonomy":"product_cat","embeddable":true,"href":"https:\/\/imprimeideas.es\/en\/wp-json\/wp\/v2\/product_cat?post=45558"},{"taxonomy":"product_tag","embeddable":true,"href":"https:\/\/imprimeideas.es\/en\/wp-json\/wp\/v2\/product_tag?post=45558"}],"curies":[{"name":"wp","href":"https:\/\/api.w.org\/{rel}","templated":true}]}}