{"id":45542,"date":"2026-02-24T11:37:12","date_gmt":"2026-02-24T10:37:12","guid":{"rendered":"https:\/\/imprimeideas.es\/?post_type=product&p=45542"},"modified":"2026-02-26T18:19:35","modified_gmt":"2026-02-26T17:19:35","slug":"calculadora-seste","status":"publish","type":"product","link":"https:\/\/imprimeideas.es\/en\/product\/calculadora-seste\/","title":{"rendered":"Calculadora Seste"},"content":{"rendered":"<p>Calculadora de 10 d\u00edgitos fabricada corcho. Con mecanismo de apagado autom\u00e1tico y suaves teclas. Funciona con energ\u00eda solar, con alimentaci\u00f3n auxiliar mediante 1 pila de bot\u00f3n (incluida). Presentada en atractiva caja de dise\u00f1o kraft, con manual de instrucciones disponible en espa\u00f1ol e ingl\u00e9s.Elaborada con elementos vegetales para as\u00ed fomentar la utilizaci\u00f3n de materias primas naturales y reducir las emisiones contaminantes.<\/p>","protected":false},"excerpt":{"rendered":"<p>Solar. 10 D\u00edgitos. Pila Bot\u00f3n Incluida<\/p>","protected":false},"featured_media":79364,"comment_status":"open","ping_status":"open","template":"","meta":{"inline_featured_image":false},"product_brand":[],"product_cat":[122,96],"product_tag":[],"class_list":{"0":"post-45542","1":"product","2":"type-product","3":"status-publish","4":"has-post-thumbnail","6":"product_cat-articulos-sostenibles","7":"product_cat-oficina-y-negocios","9":"first","10":"instock","11":"taxable","12":"shipping-taxable","13":"purchasable","14":"product-type-variable","15":"has-default-attributes"},"aioseo_notices":[],"_links":{"self":[{"href":"https:\/\/imprimeideas.es\/en\/wp-json\/wp\/v2\/product\/45542","targetHints":{"allow":["GET"]}}],"collection":[{"href":"https:\/\/imprimeideas.es\/en\/wp-json\/wp\/v2\/product"}],"about":[{"href":"https:\/\/imprimeideas.es\/en\/wp-json\/wp\/v2\/types\/product"}],"replies":[{"embeddable":true,"href":"https:\/\/imprimeideas.es\/en\/wp-json\/wp\/v2\/comments?post=45542"}],"version-history":[{"count":1,"href":"https:\/\/imprimeideas.es\/en\/wp-json\/wp\/v2\/product\/45542\/revisions"}],"predecessor-version":[{"id":55810,"href":"https:\/\/imprimeideas.es\/en\/wp-json\/wp\/v2\/product\/45542\/revisions\/55810"}],"wp:featuredmedia":[{"embeddable":true,"href":"https:\/\/imprimeideas.es\/en\/wp-json\/wp\/v2\/media\/79364"}],"wp:attachment":[{"href":"https:\/\/imprimeideas.es\/en\/wp-json\/wp\/v2\/media?parent=45542"}],"wp:term":[{"taxonomy":"product_brand","embeddable":true,"href":"https:\/\/imprimeideas.es\/en\/wp-json\/wp\/v2\/product_brand?post=45542"},{"taxonomy":"product_cat","embeddable":true,"href":"https:\/\/imprimeideas.es\/en\/wp-json\/wp\/v2\/product_cat?post=45542"},{"taxonomy":"product_tag","embeddable":true,"href":"https:\/\/imprimeideas.es\/en\/wp-json\/wp\/v2\/product_tag?post=45542"}],"curies":[{"name":"wp","href":"https:\/\/api.w.org\/{rel}","templated":true}]}}