{"id":45538,"date":"2026-02-24T11:37:11","date_gmt":"2026-02-24T10:37:11","guid":{"rendered":"https:\/\/imprimeideas.es\/?post_type=product&p=45538"},"modified":"2026-02-26T18:42:32","modified_gmt":"2026-02-26T17:42:32","slug":"lampara-multifuncion-evanex","status":"publish","type":"product","link":"https:\/\/imprimeideas.es\/en\/product\/lampara-multifuncion-evanex\/","title":{"rendered":"L\u00e1mpara Multifunci\u00f3n Evanex"},"content":{"rendered":"<p>L\u00e1mpara multifunci\u00f3n plegable todo en uno, fabricada en resistente ABS blanco con acabado imitaci\u00f3n piel. Provisto de 60 LEDs y 3 posiciones de iluminaci\u00f3n (c\u00e1lida, fr\u00eda y media), con intensidad de luz regulable mediante el bot\u00f3n t\u00e1ctil de la base. Extensible y f\u00e1cil de orientar, con pantalla de LCD integrada y retroiluminada, que marca hora, fecha, d\u00eda y temperatura. Con botones de ajuste en la parte trasera y pila de bot\u00f3n incluida para guardar los datos. Incluye un cargador inal\u00e1mbrico 10W integrado en la base, con entrada Tipo C y compatible con dispositivos m\u00f3viles de carga inal\u00e1mbrica. Con cable cargador Tipo C, y manual de instrucciones en espa\u00f1ol e ingl\u00e9s. Presentada en una atractiva caja de dise\u00f1o kraft.<\/p>","protected":false},"excerpt":{"rendered":"<p>60 Ledes. Plegable. 3 Posiciones de Luz. Intensidad de Luz Regulable. Cargador Inal\u00e1mbrico 10W. Conexi\u00f3n USB<\/p>","protected":false},"featured_media":75132,"comment_status":"open","ping_status":"open","template":"","meta":{"inline_featured_image":false},"product_brand":[],"product_cat":[95],"product_tag":[],"class_list":{"0":"post-45538","1":"product","2":"type-product","3":"status-publish","4":"has-post-thumbnail","6":"product_cat-tecnologia-y-accesorios","8":"first","9":"outofstock","10":"taxable","11":"shipping-taxable","12":"purchasable","13":"product-type-variable","14":"has-default-attributes"},"aioseo_notices":[],"_links":{"self":[{"href":"https:\/\/imprimeideas.es\/en\/wp-json\/wp\/v2\/product\/45538","targetHints":{"allow":["GET"]}}],"collection":[{"href":"https:\/\/imprimeideas.es\/en\/wp-json\/wp\/v2\/product"}],"about":[{"href":"https:\/\/imprimeideas.es\/en\/wp-json\/wp\/v2\/types\/product"}],"replies":[{"embeddable":true,"href":"https:\/\/imprimeideas.es\/en\/wp-json\/wp\/v2\/comments?post=45538"}],"version-history":[{"count":1,"href":"https:\/\/imprimeideas.es\/en\/wp-json\/wp\/v2\/product\/45538\/revisions"}],"predecessor-version":[{"id":55808,"href":"https:\/\/imprimeideas.es\/en\/wp-json\/wp\/v2\/product\/45538\/revisions\/55808"}],"wp:featuredmedia":[{"embeddable":true,"href":"https:\/\/imprimeideas.es\/en\/wp-json\/wp\/v2\/media\/75132"}],"wp:attachment":[{"href":"https:\/\/imprimeideas.es\/en\/wp-json\/wp\/v2\/media?parent=45538"}],"wp:term":[{"taxonomy":"product_brand","embeddable":true,"href":"https:\/\/imprimeideas.es\/en\/wp-json\/wp\/v2\/product_brand?post=45538"},{"taxonomy":"product_cat","embeddable":true,"href":"https:\/\/imprimeideas.es\/en\/wp-json\/wp\/v2\/product_cat?post=45538"},{"taxonomy":"product_tag","embeddable":true,"href":"https:\/\/imprimeideas.es\/en\/wp-json\/wp\/v2\/product_tag?post=45538"}],"curies":[{"name":"wp","href":"https:\/\/api.w.org\/{rel}","templated":true}]}}