{"id":45517,"date":"2026-02-24T11:37:09","date_gmt":"2026-02-24T10:37:09","guid":{"rendered":"https:\/\/imprimeideas.es\/?post_type=product&p=45517"},"modified":"2026-02-26T18:13:46","modified_gmt":"2026-02-26T17:13:46","slug":"set-okonel","status":"publish","type":"product","link":"https:\/\/imprimeideas.es\/en\/product\/set-okonel\/","title":{"rendered":"Set Okonel"},"content":{"rendered":"<p>Elegante set de bol\u00edgrafo y roller. Bol\u00edgrafo de mecanismo giratorio y roller con capucha, ambos provistos de un clip met\u00e1lico. Con tinta azul, su cuerpo presenta un elegante acabado negro mate y sutiles detalles cromados. Presentados en un estuche kraft negro, con interior troquelado en tacto de terciopelo.<\/p>","protected":false},"excerpt":{"rendered":"<p>Bol\u00edgrafo y Roller. Carga Jumbo<\/p>","protected":false},"featured_media":80346,"comment_status":"open","ping_status":"open","template":"","meta":{"inline_featured_image":false},"product_brand":[],"product_cat":[100],"product_tag":[],"class_list":{"0":"post-45517","1":"product","2":"type-product","3":"status-publish","4":"has-post-thumbnail","6":"product_cat-escritura","8":"first","9":"instock","10":"taxable","11":"shipping-taxable","12":"purchasable","13":"product-type-variable","14":"has-default-attributes"},"aioseo_notices":[],"_links":{"self":[{"href":"https:\/\/imprimeideas.es\/en\/wp-json\/wp\/v2\/product\/45517","targetHints":{"allow":["GET"]}}],"collection":[{"href":"https:\/\/imprimeideas.es\/en\/wp-json\/wp\/v2\/product"}],"about":[{"href":"https:\/\/imprimeideas.es\/en\/wp-json\/wp\/v2\/types\/product"}],"replies":[{"embeddable":true,"href":"https:\/\/imprimeideas.es\/en\/wp-json\/wp\/v2\/comments?post=45517"}],"version-history":[{"count":1,"href":"https:\/\/imprimeideas.es\/en\/wp-json\/wp\/v2\/product\/45517\/revisions"}],"predecessor-version":[{"id":55804,"href":"https:\/\/imprimeideas.es\/en\/wp-json\/wp\/v2\/product\/45517\/revisions\/55804"}],"wp:featuredmedia":[{"embeddable":true,"href":"https:\/\/imprimeideas.es\/en\/wp-json\/wp\/v2\/media\/80346"}],"wp:attachment":[{"href":"https:\/\/imprimeideas.es\/en\/wp-json\/wp\/v2\/media?parent=45517"}],"wp:term":[{"taxonomy":"product_brand","embeddable":true,"href":"https:\/\/imprimeideas.es\/en\/wp-json\/wp\/v2\/product_brand?post=45517"},{"taxonomy":"product_cat","embeddable":true,"href":"https:\/\/imprimeideas.es\/en\/wp-json\/wp\/v2\/product_cat?post=45517"},{"taxonomy":"product_tag","embeddable":true,"href":"https:\/\/imprimeideas.es\/en\/wp-json\/wp\/v2\/product_tag?post=45517"}],"curies":[{"name":"wp","href":"https:\/\/api.w.org\/{rel}","templated":true}]}}