{"id":45515,"date":"2026-02-24T11:37:08","date_gmt":"2026-02-24T10:37:08","guid":{"rendered":"https:\/\/imprimeideas.es\/?post_type=product&p=45515"},"modified":"2026-02-26T18:23:15","modified_gmt":"2026-02-26T17:23:15","slug":"soporte-manyx","status":"publish","type":"product","link":"https:\/\/imprimeideas.es\/en\/product\/soporte-manyx\/","title":{"rendered":"Soporte Manyx"},"content":{"rendered":"<p>Soporte plegable para smartphones y tablets, fabricado en ca\u00f1a de trigo y con base en resistente bamb\u00fa. Regulable en altura, con almohadillas de goma antideslizantes en base y soporte. Amplia superficie de marcaje, especialmente indicado para impresi\u00f3n en tampograf\u00eda en el soporte y en l\u00e1ser en la base. Materiales como el bamb\u00fa fomentan la utilizaci\u00f3n de materias primas naturales, reduciendo las emisiones contaminantes. Proviene de una planta de gran resistencia y versatilidad, con crecimiento y regeneraci\u00f3n r\u00e1pidos, siendo una excelente alternativa al uso de madera tradicional.La ca\u00f1a de trigo fomenta la utilizaci\u00f3n de materias primas naturales, reduciendo as\u00ed las emisiones contaminantes.<\/p>","protected":false},"excerpt":{"rendered":"<p>Plegable. Altura y \u00c1ngulo Regulable<\/p>","protected":false},"featured_media":81333,"comment_status":"open","ping_status":"open","template":"","meta":{"inline_featured_image":false},"product_brand":[],"product_cat":[96,95],"product_tag":[],"class_list":{"0":"post-45515","1":"product","2":"type-product","3":"status-publish","4":"has-post-thumbnail","6":"product_cat-oficina-y-negocios","7":"product_cat-tecnologia-y-accesorios","9":"first","10":"instock","11":"taxable","12":"shipping-taxable","13":"purchasable","14":"product-type-variable","15":"has-default-attributes"},"aioseo_notices":[],"_links":{"self":[{"href":"https:\/\/imprimeideas.es\/en\/wp-json\/wp\/v2\/product\/45515","targetHints":{"allow":["GET"]}}],"collection":[{"href":"https:\/\/imprimeideas.es\/en\/wp-json\/wp\/v2\/product"}],"about":[{"href":"https:\/\/imprimeideas.es\/en\/wp-json\/wp\/v2\/types\/product"}],"replies":[{"embeddable":true,"href":"https:\/\/imprimeideas.es\/en\/wp-json\/wp\/v2\/comments?post=45515"}],"version-history":[{"count":1,"href":"https:\/\/imprimeideas.es\/en\/wp-json\/wp\/v2\/product\/45515\/revisions"}],"predecessor-version":[{"id":55803,"href":"https:\/\/imprimeideas.es\/en\/wp-json\/wp\/v2\/product\/45515\/revisions\/55803"}],"wp:featuredmedia":[{"embeddable":true,"href":"https:\/\/imprimeideas.es\/en\/wp-json\/wp\/v2\/media\/81333"}],"wp:attachment":[{"href":"https:\/\/imprimeideas.es\/en\/wp-json\/wp\/v2\/media?parent=45515"}],"wp:term":[{"taxonomy":"product_brand","embeddable":true,"href":"https:\/\/imprimeideas.es\/en\/wp-json\/wp\/v2\/product_brand?post=45515"},{"taxonomy":"product_cat","embeddable":true,"href":"https:\/\/imprimeideas.es\/en\/wp-json\/wp\/v2\/product_cat?post=45515"},{"taxonomy":"product_tag","embeddable":true,"href":"https:\/\/imprimeideas.es\/en\/wp-json\/wp\/v2\/product_tag?post=45515"}],"curies":[{"name":"wp","href":"https:\/\/api.w.org\/{rel}","templated":true}]}}