{"id":45513,"date":"2026-02-24T11:37:08","date_gmt":"2026-02-24T10:37:08","guid":{"rendered":"https:\/\/imprimeideas.es\/?post_type=product&p=45513"},"modified":"2026-02-26T18:13:48","modified_gmt":"2026-02-26T17:13:48","slug":"set-webermax","status":"publish","type":"product","link":"https:\/\/imprimeideas.es\/en\/product\/set-webermax\/","title":{"rendered":"Set Webermax"},"content":{"rendered":"<p>Set de bloc de notas y bol\u00edgrafo confeccionados en fieltro RPET y Aluminio Reciclado. Incluye un bloc de notas de tapas r\u00edgidas, elaboradas en fieltro RPET y corcho natural, con 80 p\u00e1ginas lisas, banda el\u00e1stica, marcap\u00e1ginas y un el\u00e1stico para sujetar bol\u00edgrafos de color marr\u00f3n. Adem\u00e1s, cuenta con un bol\u00edgrafo de Aluminio Reciclado con empu\u00f1adura de corcho natural, mecanismo pulsador y tinta azul. Se presenta de manera elegante en una caja de presentaci\u00f3n.El fieltro RPET es fruto de la combinaci\u00f3n del proceso de reciclaje de materiales pl\u00e1sticos junto con la t\u00e9cnica milenaria de fabricaci\u00f3n del fieltro, dando como resultado un material de eco-tendencia que, adem\u00e1s de ser de origen reciclado, tambi\u00e9n se convierte en reciclable.<\/p>","protected":false},"excerpt":{"rendered":"<p>Bloc Portada R\u00edgida. 80 Hojas. Bol\u00edgrafo Aluminio Reciclado\/ Corcho. Carga Jumbo<\/p>","protected":false},"featured_media":79016,"comment_status":"open","ping_status":"open","template":"","meta":{"inline_featured_image":false},"product_brand":[],"product_cat":[122,96],"product_tag":[],"class_list":{"0":"post-45513","1":"product","2":"type-product","3":"status-publish","4":"has-post-thumbnail","6":"product_cat-articulos-sostenibles","7":"product_cat-oficina-y-negocios","9":"first","10":"instock","11":"taxable","12":"shipping-taxable","13":"purchasable","14":"product-type-variable","15":"has-default-attributes"},"aioseo_notices":[],"_links":{"self":[{"href":"https:\/\/imprimeideas.es\/en\/wp-json\/wp\/v2\/product\/45513","targetHints":{"allow":["GET"]}}],"collection":[{"href":"https:\/\/imprimeideas.es\/en\/wp-json\/wp\/v2\/product"}],"about":[{"href":"https:\/\/imprimeideas.es\/en\/wp-json\/wp\/v2\/types\/product"}],"replies":[{"embeddable":true,"href":"https:\/\/imprimeideas.es\/en\/wp-json\/wp\/v2\/comments?post=45513"}],"version-history":[{"count":1,"href":"https:\/\/imprimeideas.es\/en\/wp-json\/wp\/v2\/product\/45513\/revisions"}],"predecessor-version":[{"id":55802,"href":"https:\/\/imprimeideas.es\/en\/wp-json\/wp\/v2\/product\/45513\/revisions\/55802"}],"wp:featuredmedia":[{"embeddable":true,"href":"https:\/\/imprimeideas.es\/en\/wp-json\/wp\/v2\/media\/79016"}],"wp:attachment":[{"href":"https:\/\/imprimeideas.es\/en\/wp-json\/wp\/v2\/media?parent=45513"}],"wp:term":[{"taxonomy":"product_brand","embeddable":true,"href":"https:\/\/imprimeideas.es\/en\/wp-json\/wp\/v2\/product_brand?post=45513"},{"taxonomy":"product_cat","embeddable":true,"href":"https:\/\/imprimeideas.es\/en\/wp-json\/wp\/v2\/product_cat?post=45513"},{"taxonomy":"product_tag","embeddable":true,"href":"https:\/\/imprimeideas.es\/en\/wp-json\/wp\/v2\/product_tag?post=45513"}],"curies":[{"name":"wp","href":"https:\/\/api.w.org\/{rel}","templated":true}]}}