{"id":45499,"date":"2026-02-24T11:37:06","date_gmt":"2026-02-24T10:37:06","guid":{"rendered":"https:\/\/imprimeideas.es\/?post_type=product&p=45499"},"modified":"2026-02-26T18:32:54","modified_gmt":"2026-02-26T17:32:54","slug":"bidon-irvinson","status":"publish","type":"product","link":"https:\/\/imprimeideas.es\/en\/product\/bidon-irvinson\/","title":{"rendered":"Bid\u00f3n Irvinson"},"content":{"rendered":"<p>Bid\u00f3n en Aluminio Reciclado de 600 ml de capacidad. De originales y variados colores pastel metalizados. Tap\u00f3n a rosca en bamb\u00fa con cord\u00f3n de transporte trenzado. Presentado en una caja de dise\u00f1o kraft.<\/p>","protected":false},"excerpt":{"rendered":"<p>600 ml<\/p>","protected":false},"featured_media":66652,"comment_status":"open","ping_status":"open","template":"","meta":{"inline_featured_image":false},"product_brand":[],"product_cat":[122,97],"product_tag":[],"class_list":{"0":"post-45499","1":"product","2":"type-product","3":"status-publish","4":"has-post-thumbnail","6":"product_cat-articulos-sostenibles","7":"product_cat-tazas-jarras-y-termos","9":"first","10":"instock","11":"taxable","12":"shipping-taxable","13":"purchasable","14":"product-type-variable","15":"has-default-attributes"},"aioseo_notices":[],"_links":{"self":[{"href":"https:\/\/imprimeideas.es\/en\/wp-json\/wp\/v2\/product\/45499","targetHints":{"allow":["GET"]}}],"collection":[{"href":"https:\/\/imprimeideas.es\/en\/wp-json\/wp\/v2\/product"}],"about":[{"href":"https:\/\/imprimeideas.es\/en\/wp-json\/wp\/v2\/types\/product"}],"replies":[{"embeddable":true,"href":"https:\/\/imprimeideas.es\/en\/wp-json\/wp\/v2\/comments?post=45499"}],"version-history":[{"count":1,"href":"https:\/\/imprimeideas.es\/en\/wp-json\/wp\/v2\/product\/45499\/revisions"}],"predecessor-version":[{"id":55798,"href":"https:\/\/imprimeideas.es\/en\/wp-json\/wp\/v2\/product\/45499\/revisions\/55798"}],"wp:featuredmedia":[{"embeddable":true,"href":"https:\/\/imprimeideas.es\/en\/wp-json\/wp\/v2\/media\/66652"}],"wp:attachment":[{"href":"https:\/\/imprimeideas.es\/en\/wp-json\/wp\/v2\/media?parent=45499"}],"wp:term":[{"taxonomy":"product_brand","embeddable":true,"href":"https:\/\/imprimeideas.es\/en\/wp-json\/wp\/v2\/product_brand?post=45499"},{"taxonomy":"product_cat","embeddable":true,"href":"https:\/\/imprimeideas.es\/en\/wp-json\/wp\/v2\/product_cat?post=45499"},{"taxonomy":"product_tag","embeddable":true,"href":"https:\/\/imprimeideas.es\/en\/wp-json\/wp\/v2\/product_tag?post=45499"}],"curies":[{"name":"wp","href":"https:\/\/api.w.org\/{rel}","templated":true}]}}