{"id":45477,"date":"2026-02-24T11:37:04","date_gmt":"2026-02-24T10:37:04","guid":{"rendered":"https:\/\/imprimeideas.es\/?post_type=product&p=45477"},"modified":"2026-02-26T18:13:37","modified_gmt":"2026-02-26T17:13:37","slug":"gafas-sol-dristan","status":"publish","type":"product","link":"https:\/\/imprimeideas.es\/en\/product\/gafas-sol-dristan\/","title":{"rendered":"Gafas Sol Dristan"},"content":{"rendered":"<p>Gafas de sol fabricadas en bamb\u00fa con protecci\u00f3n UV400. Montura de colores a juego con los cristales en resistente material PC y patillas en bamb\u00fa. Lentes AC (acetato de celulosa) acabado espejo de color, disponibles en variada gama de colores en combinaci\u00f3n con la montura. Presentada en bolsa individual dise\u00f1o eco.Materiales como el bamb\u00fa fomentan la utilizaci\u00f3n de materias primas naturales, reduciendo las emisiones contaminantes. Proviene de una planta de gran resistencia y versatilidad, con crecimiento y regeneraci\u00f3n r\u00e1pidos, siendo una excelente alternativa al uso de madera tradicional.<\/p>","protected":false},"excerpt":{"rendered":"<p>Lentes Efecto Espejo. Protecci\u00f3n UV400<\/p>","protected":false},"featured_media":84454,"comment_status":"open","ping_status":"open","template":"","meta":{"inline_featured_image":false},"product_brand":[],"product_cat":[122,114],"product_tag":[],"class_list":{"0":"post-45477","1":"product","2":"type-product","3":"status-publish","4":"has-post-thumbnail","6":"product_cat-articulos-sostenibles","7":"product_cat-verano-y-playa","9":"first","10":"instock","11":"taxable","12":"shipping-taxable","13":"purchasable","14":"product-type-variable","15":"has-default-attributes"},"aioseo_notices":[],"_links":{"self":[{"href":"https:\/\/imprimeideas.es\/en\/wp-json\/wp\/v2\/product\/45477","targetHints":{"allow":["GET"]}}],"collection":[{"href":"https:\/\/imprimeideas.es\/en\/wp-json\/wp\/v2\/product"}],"about":[{"href":"https:\/\/imprimeideas.es\/en\/wp-json\/wp\/v2\/types\/product"}],"replies":[{"embeddable":true,"href":"https:\/\/imprimeideas.es\/en\/wp-json\/wp\/v2\/comments?post=45477"}],"version-history":[{"count":1,"href":"https:\/\/imprimeideas.es\/en\/wp-json\/wp\/v2\/product\/45477\/revisions"}],"predecessor-version":[{"id":55792,"href":"https:\/\/imprimeideas.es\/en\/wp-json\/wp\/v2\/product\/45477\/revisions\/55792"}],"wp:featuredmedia":[{"embeddable":true,"href":"https:\/\/imprimeideas.es\/en\/wp-json\/wp\/v2\/media\/84454"}],"wp:attachment":[{"href":"https:\/\/imprimeideas.es\/en\/wp-json\/wp\/v2\/media?parent=45477"}],"wp:term":[{"taxonomy":"product_brand","embeddable":true,"href":"https:\/\/imprimeideas.es\/en\/wp-json\/wp\/v2\/product_brand?post=45477"},{"taxonomy":"product_cat","embeddable":true,"href":"https:\/\/imprimeideas.es\/en\/wp-json\/wp\/v2\/product_cat?post=45477"},{"taxonomy":"product_tag","embeddable":true,"href":"https:\/\/imprimeideas.es\/en\/wp-json\/wp\/v2\/product_tag?post=45477"}],"curies":[{"name":"wp","href":"https:\/\/api.w.org\/{rel}","templated":true}]}}