{"id":45467,"date":"2026-02-24T11:37:02","date_gmt":"2026-02-24T10:37:02","guid":{"rendered":"https:\/\/imprimeideas.es\/?post_type=product&p=45467"},"modified":"2026-02-26T18:32:49","modified_gmt":"2026-02-26T17:32:49","slug":"llavero-hailton","status":"publish","type":"product","link":"https:\/\/imprimeideas.es\/en\/product\/llavero-hailton\/","title":{"rendered":"Llavero Hailton"},"content":{"rendered":"<p>Llavero fabricado en combinaci\u00f3n de base met\u00e1lica y caras en fieltro RPET. Disponible en dise\u00f1o circular; en dise\u00f1o rectangular con bordes redondeados; y en formas de casa, y coche. Con amplia superficie de marcaje y logotipo RPET en el frontal. Presentado en una bolsa individual de papel reciclado. El fieltro RPET es fruto de la combinaci\u00f3n del proceso de reciclaje de materiales pl\u00e1sticos junto con la t\u00e9cnica milenaria de fabricaci\u00f3n del fieltro, dando como resultado un material de eco-tendencia que, adem\u00e1s de ser de origen reciclado, tambi\u00e9n se convierte en reciclable.<\/p>","protected":false},"excerpt":{"rendered":"<p>Llavero fabricado en combinaci\u00f3n de base met\u00e1lica y caras en fieltro RPET. Disponible en dise\u00f1o circular; en dise\u00f1o rectangular con<\/p>","protected":false},"featured_media":82669,"comment_status":"open","ping_status":"open","template":"","meta":{"inline_featured_image":false},"product_brand":[],"product_cat":[122,106],"product_tag":[],"class_list":{"0":"post-45467","1":"product","2":"type-product","3":"status-publish","4":"has-post-thumbnail","6":"product_cat-articulos-sostenibles","7":"product_cat-regalos-y-premiums","9":"first","10":"instock","11":"taxable","12":"shipping-taxable","13":"purchasable","14":"product-type-variable","15":"has-default-attributes"},"aioseo_notices":[],"_links":{"self":[{"href":"https:\/\/imprimeideas.es\/en\/wp-json\/wp\/v2\/product\/45467","targetHints":{"allow":["GET"]}}],"collection":[{"href":"https:\/\/imprimeideas.es\/en\/wp-json\/wp\/v2\/product"}],"about":[{"href":"https:\/\/imprimeideas.es\/en\/wp-json\/wp\/v2\/types\/product"}],"replies":[{"embeddable":true,"href":"https:\/\/imprimeideas.es\/en\/wp-json\/wp\/v2\/comments?post=45467"}],"version-history":[{"count":1,"href":"https:\/\/imprimeideas.es\/en\/wp-json\/wp\/v2\/product\/45467\/revisions"}],"predecessor-version":[{"id":55789,"href":"https:\/\/imprimeideas.es\/en\/wp-json\/wp\/v2\/product\/45467\/revisions\/55789"}],"wp:featuredmedia":[{"embeddable":true,"href":"https:\/\/imprimeideas.es\/en\/wp-json\/wp\/v2\/media\/82669"}],"wp:attachment":[{"href":"https:\/\/imprimeideas.es\/en\/wp-json\/wp\/v2\/media?parent=45467"}],"wp:term":[{"taxonomy":"product_brand","embeddable":true,"href":"https:\/\/imprimeideas.es\/en\/wp-json\/wp\/v2\/product_brand?post=45467"},{"taxonomy":"product_cat","embeddable":true,"href":"https:\/\/imprimeideas.es\/en\/wp-json\/wp\/v2\/product_cat?post=45467"},{"taxonomy":"product_tag","embeddable":true,"href":"https:\/\/imprimeideas.es\/en\/wp-json\/wp\/v2\/product_tag?post=45467"}],"curies":[{"name":"wp","href":"https:\/\/api.w.org\/{rel}","templated":true}]}}