{"id":45429,"date":"2026-02-24T11:36:34","date_gmt":"2026-02-24T10:36:34","guid":{"rendered":"https:\/\/imprimeideas.es\/?post_type=product&p=45429"},"modified":"2026-02-26T18:08:06","modified_gmt":"2026-02-26T17:08:06","slug":"mochila-portadocumentos-makarzur","status":"publish","type":"product","link":"https:\/\/imprimeideas.es\/en\/product\/mochila-portadocumentos-makarzur\/","title":{"rendered":"Mochila Portadocumentos Makarzur"},"content":{"rendered":"<p>Mochila portadocumentos confeccionada en resistente 600D RPET. Presenta un dise\u00f1o urbano que incorpora un bolsillo central con cierre de cremallera, y doble tirador. Con interior acolchado para port\u00e1til de hasta 15 pulgadas, bolsillo adicional con cierre de doble cremallera y bolsillo frontal. Sus cintas de hombros y la espalda est\u00e1n acolchadas y son ajustables para mayor comodidad. Ofrece tres modalidades de transporte: como mochila, gracias a las tiras de hombros colchadas; como portadocumentos, gracias a su asa de transporte acolgada; y como bandolera gracias a su asa larga ajustable. Est\u00e1 disponible en tres elegantes colores y se presenta de manera sofisticada en una bolsa individual reciclada.El material RPET se elabora a partir de pl\u00e1stico reciclado, para as\u00ed fomentar la reutilizaci\u00f3n de residuos pl\u00e1sticos y ayudar a la sostenibilidad del planeta.<\/p>","protected":false},"excerpt":{"rendered":"<p>Bolsillo Acolchado para Port\u00e1til. Parte Trasera y Cintas Acolchadas<\/p>","protected":false},"featured_media":46352,"comment_status":"open","ping_status":"open","template":"","meta":{"inline_featured_image":false},"product_brand":[],"product_cat":[122,94,96],"product_tag":[],"class_list":{"0":"post-45429","1":"product","2":"type-product","3":"status-publish","4":"has-post-thumbnail","6":"product_cat-articulos-sostenibles","7":"product_cat-mochilas","8":"product_cat-oficina-y-negocios","10":"first","11":"instock","12":"taxable","13":"shipping-taxable","14":"purchasable","15":"product-type-variable","16":"has-default-attributes"},"aioseo_notices":[],"_links":{"self":[{"href":"https:\/\/imprimeideas.es\/en\/wp-json\/wp\/v2\/product\/45429","targetHints":{"allow":["GET"]}}],"collection":[{"href":"https:\/\/imprimeideas.es\/en\/wp-json\/wp\/v2\/product"}],"about":[{"href":"https:\/\/imprimeideas.es\/en\/wp-json\/wp\/v2\/types\/product"}],"replies":[{"embeddable":true,"href":"https:\/\/imprimeideas.es\/en\/wp-json\/wp\/v2\/comments?post=45429"}],"version-history":[{"count":1,"href":"https:\/\/imprimeideas.es\/en\/wp-json\/wp\/v2\/product\/45429\/revisions"}],"predecessor-version":[{"id":55786,"href":"https:\/\/imprimeideas.es\/en\/wp-json\/wp\/v2\/product\/45429\/revisions\/55786"}],"wp:featuredmedia":[{"embeddable":true,"href":"https:\/\/imprimeideas.es\/en\/wp-json\/wp\/v2\/media\/46352"}],"wp:attachment":[{"href":"https:\/\/imprimeideas.es\/en\/wp-json\/wp\/v2\/media?parent=45429"}],"wp:term":[{"taxonomy":"product_brand","embeddable":true,"href":"https:\/\/imprimeideas.es\/en\/wp-json\/wp\/v2\/product_brand?post=45429"},{"taxonomy":"product_cat","embeddable":true,"href":"https:\/\/imprimeideas.es\/en\/wp-json\/wp\/v2\/product_cat?post=45429"},{"taxonomy":"product_tag","embeddable":true,"href":"https:\/\/imprimeideas.es\/en\/wp-json\/wp\/v2\/product_tag?post=45429"}],"curies":[{"name":"wp","href":"https:\/\/api.w.org\/{rel}","templated":true}]}}