{"id":45426,"date":"2026-02-24T11:36:34","date_gmt":"2026-02-24T10:36:34","guid":{"rendered":"https:\/\/imprimeideas.es\/?post_type=product&p=45426"},"modified":"2026-02-25T20:13:12","modified_gmt":"2026-02-25T19:13:12","slug":"power-bank-gustaf","status":"publish","type":"product","link":"https:\/\/imprimeideas.es\/en\/product\/power-bank-gustaf\/","title":{"rendered":"Power Bank Gustaf"},"content":{"rendered":"<p>Bater\u00eda auxiliar externa de recarga solar fabricada en bamb\u00fa. Con 5.000 mAh de capacidad de cargada y cargador inal\u00e1mbrico integrado de 15W. Salida y entradas Tipo C -cable incluido-, e indicador de estado de carga. Compatible con dispositivos equipados con tecnolog\u00eda de carga inal\u00e1mbrica. Con panel solar integrado en un lado del dispositivo y amplia superficie de marcaje. Presentado en atractiva caja de dise\u00f1o eco. Las capacidades mostradas en todas nuestras bater\u00edas auxiliares externas son reales, incorporando todas ellas bater\u00edas de grado A y no recicladas, con una vida \u00fatil de al menos 500 ciclos de carga y seg\u00fan normativa CE.Adem\u00e1s, est\u00e1n fabricadas conforme a los est\u00e1ndares RoHS y en cumplimiento con los siguientes requisitos de seguridad:Sistema de protecci\u00f3n contra sobrecarga del power bank.Sistema de protecci\u00f3n contra descarga completa que proporciona una mayor durabilidad del power bank.Sistema de bloqueo para evitar cortocircuitos.Sistema de transferencia de carga constante, acorde con la capacidad del dispositivo de destino.<\/p>","protected":false},"excerpt":{"rendered":"<p>Inal\u00e1mbrico 15W. Magn\u00e9tico. 5000 mAh. Carga Solar. Salida y Entrada Tipo C<\/p>","protected":false},"featured_media":76153,"comment_status":"open","ping_status":"open","template":"","meta":{"inline_featured_image":false},"product_brand":[],"product_cat":[122,95],"product_tag":[],"class_list":{"0":"post-45426","1":"product","2":"type-product","3":"status-publish","4":"has-post-thumbnail","6":"product_cat-articulos-sostenibles","7":"product_cat-tecnologia-y-accesorios","9":"first","10":"outofstock","11":"taxable","12":"shipping-taxable","13":"purchasable","14":"product-type-variable","15":"has-default-attributes"},"aioseo_notices":[],"_links":{"self":[{"href":"https:\/\/imprimeideas.es\/en\/wp-json\/wp\/v2\/product\/45426","targetHints":{"allow":["GET"]}}],"collection":[{"href":"https:\/\/imprimeideas.es\/en\/wp-json\/wp\/v2\/product"}],"about":[{"href":"https:\/\/imprimeideas.es\/en\/wp-json\/wp\/v2\/types\/product"}],"replies":[{"embeddable":true,"href":"https:\/\/imprimeideas.es\/en\/wp-json\/wp\/v2\/comments?post=45426"}],"version-history":[{"count":1,"href":"https:\/\/imprimeideas.es\/en\/wp-json\/wp\/v2\/product\/45426\/revisions"}],"predecessor-version":[{"id":55785,"href":"https:\/\/imprimeideas.es\/en\/wp-json\/wp\/v2\/product\/45426\/revisions\/55785"}],"wp:featuredmedia":[{"embeddable":true,"href":"https:\/\/imprimeideas.es\/en\/wp-json\/wp\/v2\/media\/76153"}],"wp:attachment":[{"href":"https:\/\/imprimeideas.es\/en\/wp-json\/wp\/v2\/media?parent=45426"}],"wp:term":[{"taxonomy":"product_brand","embeddable":true,"href":"https:\/\/imprimeideas.es\/en\/wp-json\/wp\/v2\/product_brand?post=45426"},{"taxonomy":"product_cat","embeddable":true,"href":"https:\/\/imprimeideas.es\/en\/wp-json\/wp\/v2\/product_cat?post=45426"},{"taxonomy":"product_tag","embeddable":true,"href":"https:\/\/imprimeideas.es\/en\/wp-json\/wp\/v2\/product_tag?post=45426"}],"curies":[{"name":"wp","href":"https:\/\/api.w.org\/{rel}","templated":true}]}}