{"id":45421,"date":"2026-02-24T11:36:33","date_gmt":"2026-02-24T10:36:33","guid":{"rendered":"https:\/\/imprimeideas.es\/?post_type=product&p=45421"},"modified":"2026-02-26T18:33:03","modified_gmt":"2026-02-26T17:33:03","slug":"cable-cargador-multifuncion-pek","status":"publish","type":"product","link":"https:\/\/imprimeideas.es\/en\/product\/cable-cargador-multifuncion-pek\/","title":{"rendered":"Cable Cargador Multifunci\u00f3n Pek"},"content":{"rendered":"<p>Cable cargador multifunci\u00f3n, fabricado en Aluminio Reciclado y con un ingenioso dise\u00f1o que permite guardar los cables de carga c\u00f3modamente, adem\u00e1s de facilitar el transporte. Incluye mosquet\u00f3n a juego y soporte para smartphone, con conexi\u00f3n Tipo C (entrada y salida) y dual Micro USB \/ Lightning. En varios colores de acabado metalizado y con logotipo Aluminio Reciclado. Presentado en bolsa reciclada individual.El Aluminio Reciclado es un material con posibilidades de reciclaje casi infinitas, sin perder sus propiedades originales y consumiendo menos energ\u00eda en este proceso.Certificaci\u00f3n GRS (Global Recycled Standard \/ Est\u00e1ndar de Reciclaje Global), que garantiza el origen reciclado del material usado para fabricar el producto.<\/p>","protected":false},"excerpt":{"rendered":"<p>Conexi\u00f3n Micro USB, Tipo C y Lightning 5V DC 2.4A<\/p>","protected":false},"featured_media":74507,"comment_status":"open","ping_status":"open","template":"","meta":{"inline_featured_image":false},"product_brand":[],"product_cat":[122,95],"product_tag":[],"class_list":{"0":"post-45421","1":"product","2":"type-product","3":"status-publish","4":"has-post-thumbnail","6":"product_cat-articulos-sostenibles","7":"product_cat-tecnologia-y-accesorios","9":"first","10":"instock","11":"taxable","12":"shipping-taxable","13":"purchasable","14":"product-type-variable","15":"has-default-attributes"},"aioseo_notices":[],"_links":{"self":[{"href":"https:\/\/imprimeideas.es\/en\/wp-json\/wp\/v2\/product\/45421","targetHints":{"allow":["GET"]}}],"collection":[{"href":"https:\/\/imprimeideas.es\/en\/wp-json\/wp\/v2\/product"}],"about":[{"href":"https:\/\/imprimeideas.es\/en\/wp-json\/wp\/v2\/types\/product"}],"replies":[{"embeddable":true,"href":"https:\/\/imprimeideas.es\/en\/wp-json\/wp\/v2\/comments?post=45421"}],"version-history":[{"count":1,"href":"https:\/\/imprimeideas.es\/en\/wp-json\/wp\/v2\/product\/45421\/revisions"}],"predecessor-version":[{"id":55784,"href":"https:\/\/imprimeideas.es\/en\/wp-json\/wp\/v2\/product\/45421\/revisions\/55784"}],"wp:featuredmedia":[{"embeddable":true,"href":"https:\/\/imprimeideas.es\/en\/wp-json\/wp\/v2\/media\/74507"}],"wp:attachment":[{"href":"https:\/\/imprimeideas.es\/en\/wp-json\/wp\/v2\/media?parent=45421"}],"wp:term":[{"taxonomy":"product_brand","embeddable":true,"href":"https:\/\/imprimeideas.es\/en\/wp-json\/wp\/v2\/product_brand?post=45421"},{"taxonomy":"product_cat","embeddable":true,"href":"https:\/\/imprimeideas.es\/en\/wp-json\/wp\/v2\/product_cat?post=45421"},{"taxonomy":"product_tag","embeddable":true,"href":"https:\/\/imprimeideas.es\/en\/wp-json\/wp\/v2\/product_tag?post=45421"}],"curies":[{"name":"wp","href":"https:\/\/api.w.org\/{rel}","templated":true}]}}