{"id":45419,"date":"2026-02-24T11:36:33","date_gmt":"2026-02-24T10:36:33","guid":{"rendered":"https:\/\/imprimeideas.es\/?post_type=product&p=45419"},"modified":"2026-02-26T18:42:31","modified_gmt":"2026-02-26T17:42:31","slug":"cable-cargador-surgex","status":"publish","type":"product","link":"https:\/\/imprimeideas.es\/en\/product\/cable-cargador-surgex\/","title":{"rendered":"Cable Cargador Surgex"},"content":{"rendered":"<p>Cable cargador fabricado a partir de extractos de piedra natural en combinaci\u00f3n con resistente ABS. Con conexiones de entrada Tipo C\/USB y salidas Tipo C, Lightning y Micro USB. 5V DC 2.4A. Presentado en caja individual de dise\u00f1o kraft.Fabricado con extractos de piedra natural, ayudando a la reducci\u00f3n del uso de pl\u00e1sticos, adem\u00e1s de proporcionar un acabado suave y resistente.<\/p>","protected":false},"excerpt":{"rendered":"<p>Conexi\u00f3n Micro USB, Tipo C y Lightning 5V DC 2.4A<\/p>","protected":false},"featured_media":63286,"comment_status":"open","ping_status":"open","template":"","meta":{"inline_featured_image":false},"product_brand":[],"product_cat":[122,95],"product_tag":[],"class_list":{"0":"post-45419","1":"product","2":"type-product","3":"status-publish","4":"has-post-thumbnail","6":"product_cat-articulos-sostenibles","7":"product_cat-tecnologia-y-accesorios","9":"first","10":"instock","11":"taxable","12":"shipping-taxable","13":"purchasable","14":"product-type-variable","15":"has-default-attributes"},"aioseo_notices":[],"_links":{"self":[{"href":"https:\/\/imprimeideas.es\/en\/wp-json\/wp\/v2\/product\/45419","targetHints":{"allow":["GET"]}}],"collection":[{"href":"https:\/\/imprimeideas.es\/en\/wp-json\/wp\/v2\/product"}],"about":[{"href":"https:\/\/imprimeideas.es\/en\/wp-json\/wp\/v2\/types\/product"}],"replies":[{"embeddable":true,"href":"https:\/\/imprimeideas.es\/en\/wp-json\/wp\/v2\/comments?post=45419"}],"version-history":[{"count":1,"href":"https:\/\/imprimeideas.es\/en\/wp-json\/wp\/v2\/product\/45419\/revisions"}],"predecessor-version":[{"id":55783,"href":"https:\/\/imprimeideas.es\/en\/wp-json\/wp\/v2\/product\/45419\/revisions\/55783"}],"wp:featuredmedia":[{"embeddable":true,"href":"https:\/\/imprimeideas.es\/en\/wp-json\/wp\/v2\/media\/63286"}],"wp:attachment":[{"href":"https:\/\/imprimeideas.es\/en\/wp-json\/wp\/v2\/media?parent=45419"}],"wp:term":[{"taxonomy":"product_brand","embeddable":true,"href":"https:\/\/imprimeideas.es\/en\/wp-json\/wp\/v2\/product_brand?post=45419"},{"taxonomy":"product_cat","embeddable":true,"href":"https:\/\/imprimeideas.es\/en\/wp-json\/wp\/v2\/product_cat?post=45419"},{"taxonomy":"product_tag","embeddable":true,"href":"https:\/\/imprimeideas.es\/en\/wp-json\/wp\/v2\/product_tag?post=45419"}],"curies":[{"name":"wp","href":"https:\/\/api.w.org\/{rel}","templated":true}]}}