{"id":45410,"date":"2026-02-24T11:36:32","date_gmt":"2026-02-24T10:36:32","guid":{"rendered":"https:\/\/imprimeideas.es\/?post_type=product&p=45410"},"modified":"2026-02-26T18:08:26","modified_gmt":"2026-02-26T17:08:26","slug":"auriculares-bekery","status":"publish","type":"product","link":"https:\/\/imprimeideas.es\/en\/product\/auriculares-bekery\/","title":{"rendered":"Auriculares Bekery"},"content":{"rendered":"<p>Auriculares intraurales fabricados con extractos de piedra natural en combinaci\u00f3n con resistente ABS. Con conexi\u00f3n Bluetooth 5.3 y bater\u00eda integrada de litio, con 30 mAh en cada auricular. De dise\u00f1o ergon\u00f3mico, con bot\u00f3n de control t\u00e1ctil en el auricular y funci\u00f3n manos libres. Base de 250 mAh de capacidad e indicador LED de estado de carga, con cable de carga Tipo C incluido. Presentaci\u00f3n en caja individual de dise\u00f1o kraft, con manual de instrucciones en espa\u00f1ol e ingl\u00e9s.Fabricados con extractos de piedra natural, ayudando a la reducci\u00f3n del uso de pl\u00e1sticos, adem\u00e1s de proporcionar un acabado suave y resistente.Las capacidades mostradas en todas nuestras bater\u00edas auxiliares externas son reales, incorporando todas ellas bater\u00edas de grado A y no recicladas, con una vida \u00fatil de al menos 500 ciclos de carga y seg\u00fan normativa CE.Adem\u00e1s, est\u00e1n fabricados conforme a los est\u00e1ndares RoHS y en cumplimiento con los siguientes requisitos de seguridad:Sistema de protecci\u00f3n contra sobrecarga del power bank.Sistema de protecci\u00f3n contra descarga completa que proporciona una mayor durabilidad del power bank.Sistema de bloqueo para evitar cortocircuitos.Sistema de transferencia de carga constante, acorde con la capacidad del dispositivo de destino.<\/p>","protected":false},"excerpt":{"rendered":"<p>Conexi\u00f3n Bluetooth. Bater\u00eda 30 mAh\/ Base Carga 250 mAh<\/p>","protected":false},"featured_media":82893,"comment_status":"open","ping_status":"open","template":"","meta":{"inline_featured_image":false},"product_brand":[],"product_cat":[122,95],"product_tag":[],"class_list":{"0":"post-45410","1":"product","2":"type-product","3":"status-publish","4":"has-post-thumbnail","6":"product_cat-articulos-sostenibles","7":"product_cat-tecnologia-y-accesorios","9":"first","10":"instock","11":"taxable","12":"shipping-taxable","13":"purchasable","14":"product-type-variable","15":"has-default-attributes"},"aioseo_notices":[],"_links":{"self":[{"href":"https:\/\/imprimeideas.es\/en\/wp-json\/wp\/v2\/product\/45410","targetHints":{"allow":["GET"]}}],"collection":[{"href":"https:\/\/imprimeideas.es\/en\/wp-json\/wp\/v2\/product"}],"about":[{"href":"https:\/\/imprimeideas.es\/en\/wp-json\/wp\/v2\/types\/product"}],"replies":[{"embeddable":true,"href":"https:\/\/imprimeideas.es\/en\/wp-json\/wp\/v2\/comments?post=45410"}],"version-history":[{"count":1,"href":"https:\/\/imprimeideas.es\/en\/wp-json\/wp\/v2\/product\/45410\/revisions"}],"predecessor-version":[{"id":55779,"href":"https:\/\/imprimeideas.es\/en\/wp-json\/wp\/v2\/product\/45410\/revisions\/55779"}],"wp:featuredmedia":[{"embeddable":true,"href":"https:\/\/imprimeideas.es\/en\/wp-json\/wp\/v2\/media\/82893"}],"wp:attachment":[{"href":"https:\/\/imprimeideas.es\/en\/wp-json\/wp\/v2\/media?parent=45410"}],"wp:term":[{"taxonomy":"product_brand","embeddable":true,"href":"https:\/\/imprimeideas.es\/en\/wp-json\/wp\/v2\/product_brand?post=45410"},{"taxonomy":"product_cat","embeddable":true,"href":"https:\/\/imprimeideas.es\/en\/wp-json\/wp\/v2\/product_cat?post=45410"},{"taxonomy":"product_tag","embeddable":true,"href":"https:\/\/imprimeideas.es\/en\/wp-json\/wp\/v2\/product_tag?post=45410"}],"curies":[{"name":"wp","href":"https:\/\/api.w.org\/{rel}","templated":true}]}}