{"id":45400,"date":"2026-02-24T11:36:31","date_gmt":"2026-02-24T10:36:31","guid":{"rendered":"https:\/\/imprimeideas.es\/?post_type=product&p=45400"},"modified":"2026-02-26T18:42:28","modified_gmt":"2026-02-26T17:42:28","slug":"cargador-usb-morelo","status":"publish","type":"product","link":"https:\/\/imprimeideas.es\/en\/product\/cargador-usb-morelo\/","title":{"rendered":"Cargador USB Morelo"},"content":{"rendered":"<p>Cargador de pared Tipo C con carga r\u00e1pida, fabricado en resistente ABS. Para enchufe europeo y presentado en atractiva caja individual de dise\u00f1o kraft. Disponible manual de instrucciones en espa\u00f1ol e ingl\u00e9s.<\/p>","protected":false},"excerpt":{"rendered":"<p>Carga R\u00e1pida. 1 Salida Tipo C<\/p>","protected":false},"featured_media":63086,"comment_status":"open","ping_status":"open","template":"","meta":{"inline_featured_image":false},"product_brand":[],"product_cat":[95],"product_tag":[],"class_list":{"0":"post-45400","1":"product","2":"type-product","3":"status-publish","4":"has-post-thumbnail","6":"product_cat-tecnologia-y-accesorios","8":"first","9":"instock","10":"taxable","11":"shipping-taxable","12":"purchasable","13":"product-type-variable","14":"has-default-attributes"},"aioseo_notices":[],"_links":{"self":[{"href":"https:\/\/imprimeideas.es\/en\/wp-json\/wp\/v2\/product\/45400","targetHints":{"allow":["GET"]}}],"collection":[{"href":"https:\/\/imprimeideas.es\/en\/wp-json\/wp\/v2\/product"}],"about":[{"href":"https:\/\/imprimeideas.es\/en\/wp-json\/wp\/v2\/types\/product"}],"replies":[{"embeddable":true,"href":"https:\/\/imprimeideas.es\/en\/wp-json\/wp\/v2\/comments?post=45400"}],"version-history":[{"count":1,"href":"https:\/\/imprimeideas.es\/en\/wp-json\/wp\/v2\/product\/45400\/revisions"}],"predecessor-version":[{"id":55776,"href":"https:\/\/imprimeideas.es\/en\/wp-json\/wp\/v2\/product\/45400\/revisions\/55776"}],"wp:featuredmedia":[{"embeddable":true,"href":"https:\/\/imprimeideas.es\/en\/wp-json\/wp\/v2\/media\/63086"}],"wp:attachment":[{"href":"https:\/\/imprimeideas.es\/en\/wp-json\/wp\/v2\/media?parent=45400"}],"wp:term":[{"taxonomy":"product_brand","embeddable":true,"href":"https:\/\/imprimeideas.es\/en\/wp-json\/wp\/v2\/product_brand?post=45400"},{"taxonomy":"product_cat","embeddable":true,"href":"https:\/\/imprimeideas.es\/en\/wp-json\/wp\/v2\/product_cat?post=45400"},{"taxonomy":"product_tag","embeddable":true,"href":"https:\/\/imprimeideas.es\/en\/wp-json\/wp\/v2\/product_tag?post=45400"}],"curies":[{"name":"wp","href":"https:\/\/api.w.org\/{rel}","templated":true}]}}