{"id":45373,"date":"2026-02-24T11:36:28","date_gmt":"2026-02-24T10:36:28","guid":{"rendered":"https:\/\/imprimeideas.es\/?post_type=product&p=45373"},"modified":"2026-02-26T18:42:35","modified_gmt":"2026-02-26T17:42:35","slug":"recortadora-pelo-jamet","status":"publish","type":"product","link":"https:\/\/imprimeideas.es\/en\/product\/recortadora-pelo-jamet\/","title":{"rendered":"Recortadora Pelo Jamet"},"content":{"rendered":"<p>Pr\u00e1ctica y compacta recortadora de pelo, ideal para cabeza, barba y resto del cuerpo. Fabricada en resistente ABS, con cuchillas cortadoras met\u00e1licas. Funcionamiento a pilas (1xAA no incluida), pudiendo usarse f\u00e1cilmente en cualquier lugar. Adem\u00e1s incluye 3 peines intercambiables, con varias longitudes de corte que oscilan entre los 2 y los 10 mm. Presentada en caja de dise\u00f1o kraft, con manual de instrucciones disponible en espa\u00f1ol e ingl\u00e9s.<\/p>","protected":false},"excerpt":{"rendered":"<p>3 Accesorios. 1 Pila AA No incluida<\/p>","protected":false},"featured_media":46259,"comment_status":"open","ping_status":"open","template":"","meta":{"inline_featured_image":false},"product_brand":[],"product_cat":[106,103],"product_tag":[],"class_list":{"0":"post-45373","1":"product","2":"type-product","3":"status-publish","4":"has-post-thumbnail","6":"product_cat-regalos-y-premiums","7":"product_cat-viaje","9":"first","10":"instock","11":"taxable","12":"shipping-taxable","13":"purchasable","14":"product-type-variable","15":"has-default-attributes"},"aioseo_notices":[],"_links":{"self":[{"href":"https:\/\/imprimeideas.es\/en\/wp-json\/wp\/v2\/product\/45373","targetHints":{"allow":["GET"]}}],"collection":[{"href":"https:\/\/imprimeideas.es\/en\/wp-json\/wp\/v2\/product"}],"about":[{"href":"https:\/\/imprimeideas.es\/en\/wp-json\/wp\/v2\/types\/product"}],"replies":[{"embeddable":true,"href":"https:\/\/imprimeideas.es\/en\/wp-json\/wp\/v2\/comments?post=45373"}],"version-history":[{"count":1,"href":"https:\/\/imprimeideas.es\/en\/wp-json\/wp\/v2\/product\/45373\/revisions"}],"predecessor-version":[{"id":55767,"href":"https:\/\/imprimeideas.es\/en\/wp-json\/wp\/v2\/product\/45373\/revisions\/55767"}],"wp:featuredmedia":[{"embeddable":true,"href":"https:\/\/imprimeideas.es\/en\/wp-json\/wp\/v2\/media\/46259"}],"wp:attachment":[{"href":"https:\/\/imprimeideas.es\/en\/wp-json\/wp\/v2\/media?parent=45373"}],"wp:term":[{"taxonomy":"product_brand","embeddable":true,"href":"https:\/\/imprimeideas.es\/en\/wp-json\/wp\/v2\/product_brand?post=45373"},{"taxonomy":"product_cat","embeddable":true,"href":"https:\/\/imprimeideas.es\/en\/wp-json\/wp\/v2\/product_cat?post=45373"},{"taxonomy":"product_tag","embeddable":true,"href":"https:\/\/imprimeideas.es\/en\/wp-json\/wp\/v2\/product_tag?post=45373"}],"curies":[{"name":"wp","href":"https:\/\/api.w.org\/{rel}","templated":true}]}}