{"id":45366,"date":"2026-02-24T11:36:27","date_gmt":"2026-02-24T10:36:27","guid":{"rendered":"https:\/\/imprimeideas.es\/?post_type=product&p=45366"},"modified":"2026-02-26T18:28:06","modified_gmt":"2026-02-26T17:28:06","slug":"estacion-meteorologica-geibol","status":"publish","type":"product","link":"https:\/\/imprimeideas.es\/en\/product\/estacion-meteorologica-geibol\/","title":{"rendered":"Estaci\u00f3n Meteorol\u00f3gica Geibol"},"content":{"rendered":"<p>Estaci\u00f3n meteorol\u00f3gica fabricada en resistente ABS, con sensor de temperatura. Funci\u00f3n de hora (12\/24), calendario, alarma y d\u00eda de la semana. Con base soporte y botones de control traseros. Alimentaci\u00f3n a pilas (2xAAA no incluidas) y presentada en atractiva caja de dise\u00f1o kraft. Disponible manual de instrucciones en espa\u00f1ol e ingl\u00e9s.<\/p>","protected":false},"excerpt":{"rendered":"<p>2 Pilas AAA No Incluidas<\/p>","protected":false},"featured_media":65562,"comment_status":"open","ping_status":"open","template":"","meta":{"inline_featured_image":false},"product_brand":[],"product_cat":[111,95],"product_tag":[],"class_list":{"0":"post-45366","1":"product","2":"type-product","3":"status-publish","4":"has-post-thumbnail","6":"product_cat-agricultura","7":"product_cat-tecnologia-y-accesorios","9":"first","10":"instock","11":"taxable","12":"shipping-taxable","13":"purchasable","14":"product-type-variable","15":"has-default-attributes"},"aioseo_notices":[],"_links":{"self":[{"href":"https:\/\/imprimeideas.es\/en\/wp-json\/wp\/v2\/product\/45366","targetHints":{"allow":["GET"]}}],"collection":[{"href":"https:\/\/imprimeideas.es\/en\/wp-json\/wp\/v2\/product"}],"about":[{"href":"https:\/\/imprimeideas.es\/en\/wp-json\/wp\/v2\/types\/product"}],"replies":[{"embeddable":true,"href":"https:\/\/imprimeideas.es\/en\/wp-json\/wp\/v2\/comments?post=45366"}],"version-history":[{"count":1,"href":"https:\/\/imprimeideas.es\/en\/wp-json\/wp\/v2\/product\/45366\/revisions"}],"predecessor-version":[{"id":55764,"href":"https:\/\/imprimeideas.es\/en\/wp-json\/wp\/v2\/product\/45366\/revisions\/55764"}],"wp:featuredmedia":[{"embeddable":true,"href":"https:\/\/imprimeideas.es\/en\/wp-json\/wp\/v2\/media\/65562"}],"wp:attachment":[{"href":"https:\/\/imprimeideas.es\/en\/wp-json\/wp\/v2\/media?parent=45366"}],"wp:term":[{"taxonomy":"product_brand","embeddable":true,"href":"https:\/\/imprimeideas.es\/en\/wp-json\/wp\/v2\/product_brand?post=45366"},{"taxonomy":"product_cat","embeddable":true,"href":"https:\/\/imprimeideas.es\/en\/wp-json\/wp\/v2\/product_cat?post=45366"},{"taxonomy":"product_tag","embeddable":true,"href":"https:\/\/imprimeideas.es\/en\/wp-json\/wp\/v2\/product_tag?post=45366"}],"curies":[{"name":"wp","href":"https:\/\/api.w.org\/{rel}","templated":true}]}}