{"id":45362,"date":"2026-02-24T11:36:26","date_gmt":"2026-02-24T10:36:26","guid":{"rendered":"https:\/\/imprimeideas.es\/?post_type=product&p=45362"},"modified":"2026-02-26T18:42:35","modified_gmt":"2026-02-26T17:42:35","slug":"dron-acrot","status":"publish","type":"product","link":"https:\/\/imprimeideas.es\/en\/product\/dron-acrot\/","title":{"rendered":"Dron Acrot"},"content":{"rendered":"<p>Dron en resistente material ABS. Con conectividad Wi-Fi, modo de grabaci\u00f3n de v\u00eddeo y captura de fotos. Manejo del dron desde dispositivo m\u00f3vil -APP compatible con iOS y Android- o bien mediante mando a distancia -incluido-. Con modo de vuelo autom\u00e1tico -auto hover- que deja el dron suspendido en el aire. Bater\u00eda de 600 mAh, recargable mediante cable Micro USB -incluido- y mando a distancia alimentado con pilas -3xAAA no incluidas-. Incluye estuche con recambios: 4 h\u00e9lices, 4 protectores y destornillador, con cierre de cremallera e interior de espuma troquelado. Presentado en atractiva caja de dise\u00f1o kraft, con manual de instrucciones en espa\u00f1ol e ingl\u00e9s .<\/p>","protected":false},"excerpt":{"rendered":"<p>Wifi. Bater\u00eda 600 mAh. Mando Control Remoto 3 Pilas AA No Incluidas<\/p>","protected":false},"featured_media":84772,"comment_status":"open","ping_status":"open","template":"","meta":{"inline_featured_image":false},"product_brand":[],"product_cat":[95],"product_tag":[],"class_list":{"0":"post-45362","1":"product","2":"type-product","3":"status-publish","4":"has-post-thumbnail","6":"product_cat-tecnologia-y-accesorios","8":"first","9":"instock","10":"taxable","11":"shipping-taxable","12":"purchasable","13":"product-type-variable","14":"has-default-attributes"},"aioseo_notices":[],"_links":{"self":[{"href":"https:\/\/imprimeideas.es\/en\/wp-json\/wp\/v2\/product\/45362","targetHints":{"allow":["GET"]}}],"collection":[{"href":"https:\/\/imprimeideas.es\/en\/wp-json\/wp\/v2\/product"}],"about":[{"href":"https:\/\/imprimeideas.es\/en\/wp-json\/wp\/v2\/types\/product"}],"replies":[{"embeddable":true,"href":"https:\/\/imprimeideas.es\/en\/wp-json\/wp\/v2\/comments?post=45362"}],"version-history":[{"count":1,"href":"https:\/\/imprimeideas.es\/en\/wp-json\/wp\/v2\/product\/45362\/revisions"}],"predecessor-version":[{"id":55762,"href":"https:\/\/imprimeideas.es\/en\/wp-json\/wp\/v2\/product\/45362\/revisions\/55762"}],"wp:featuredmedia":[{"embeddable":true,"href":"https:\/\/imprimeideas.es\/en\/wp-json\/wp\/v2\/media\/84772"}],"wp:attachment":[{"href":"https:\/\/imprimeideas.es\/en\/wp-json\/wp\/v2\/media?parent=45362"}],"wp:term":[{"taxonomy":"product_brand","embeddable":true,"href":"https:\/\/imprimeideas.es\/en\/wp-json\/wp\/v2\/product_brand?post=45362"},{"taxonomy":"product_cat","embeddable":true,"href":"https:\/\/imprimeideas.es\/en\/wp-json\/wp\/v2\/product_cat?post=45362"},{"taxonomy":"product_tag","embeddable":true,"href":"https:\/\/imprimeideas.es\/en\/wp-json\/wp\/v2\/product_tag?post=45362"}],"curies":[{"name":"wp","href":"https:\/\/api.w.org\/{rel}","templated":true}]}}